{"id":13,"date":"2015-08-18T14:01:21","date_gmt":"2015-08-18T12:01:21","guid":{"rendered":"http:\/\/neu.eks-solar.de\/cms\/home\/"},"modified":"2026-04-09T14:44:33","modified_gmt":"2026-04-09T12:44:33","slug":"unternehmen","status":"publish","type":"page","link":"https:\/\/eks-solar.de\/eks-update\/","title":{"rendered":"Unternehmen"},"content":{"rendered":"<div class=\"wpb-content-wrapper\"><p>[vc_row full_width=&#8220;stretch_row_content&#8220; gap=&#8220;20&#8243; el_class=&#8220;teaserWrapper&#8220;][vc_column][vc_row_inner content_placement=&#8220;top&#8220; css=&#8220;.vc_custom_1754324810967{margin-bottom: 3.8em !important;}&#8220;][vc_column_inner width=&#8220;1\/2&#8243; offset=&#8220;vc_col-lg-offset-0 vc_col-lg-3 vc_col-md-offset-0 vc_col-md-3 vc_col-sm-offset-0&#8243;][vc_column_text css=&#8220;&#8220; el_class=&#8220;teaserBox&#8220;]<a href=\"https:\/\/eks-solar.de\/eks-update\/home\/fuer-gewerbekunden\/\"><img decoding=\"async\" src=\"https:\/\/eks-solar.de\/eks-update\/wp-content\/uploads\/2018\/12\/PV-Module-mit-Sonne.jpg\" alt=\"PV Module\" width=\"100%\" \/><\/a><\/p>\n<div style=\"padding: 0px 30px 30px 30px;\">\n<h3 style=\"text-align: center;\">F\u00fcr Gewerbekunden<\/h3>\n<p style=\"text-align: center;\">Eine Photovoltaikanlage ist f\u00fcr Unternehmen \u00f6konomisch sinnvoll, \u00f6kologisch notwendig und strategisch vorteilhaft.<\/p>\n<\/div>\n<p>[\/vc_column_text][vc_icon icon_fontawesome=&#8220;fa fa-solid fa-circle-plus&#8220; color=&#8220;custom&#8220; background_style=&#8220;rounded&#8220; background_color=&#8220;white&#8220; size=&#8220;lg&#8220; align=&#8220;center&#8220; css=&#8220;.vc_custom_1767912149814{margin-top: -30px !important;}&#8220; custom_color=&#8220;#F4DB06&#8243; link=&#8220;url:https%3A%2F%2Feks-solar.de%2Feks-update%2Fhome%2Ffuer-gewerbekunden%2F&#8220;][\/vc_column_inner][vc_column_inner width=&#8220;1\/2&#8243; offset=&#8220;vc_col-lg-3 vc_col-md-3 vc_col-sm-offset-0&#8243;][vc_column_text css=&#8220;&#8220; el_class=&#8220;teaserBox&#8220;]<a href=\"https:\/\/eks-solar.de\/eks-update\/unternehmen\/fuer-privatkunden\/\"><img decoding=\"async\" src=\"https:\/\/eks-solar.de\/eks-update\/wp-content\/uploads\/2026\/01\/Teaser-Image-Privatkunden-PV.jpg\" alt=\"PV Anlage f\u00fcr Privatkunden\" width=\"100%\" \/><\/a><\/p>\n<div style=\"padding: 0px 30px 30px 30px;\">\n<h3 style=\"text-align: center;\">F\u00fcr Privatkunden<\/h3>\n<p style=\"text-align: center;\">Machen Sie sich unabh\u00e4ngiger vom Strompreis und erzeugen Sie Ihren eigenen Strom.<\/p>\n<\/div>\n<p>[\/vc_column_text][vc_icon icon_fontawesome=&#8220;fa fa-solid fa-circle-plus&#8220; color=&#8220;custom&#8220; background_style=&#8220;rounded&#8220; background_color=&#8220;white&#8220; size=&#8220;lg&#8220; align=&#8220;center&#8220; css=&#8220;.vc_custom_1768483430281{margin-top: -30px !important;}&#8220; custom_color=&#8220;#F4DB06&#8243; link=&#8220;url:https%3A%2F%2Feks-solar.de%2Feks-update%2Funternehmen%2Ffuer-privatkunden%2F&#8220;][\/vc_column_inner][vc_column_inner width=&#8220;1\/2&#8243; offset=&#8220;vc_col-lg-3 vc_col-md-3 vc_col-sm-offset-0&#8243;][vc_column_text css=&#8220;&#8220; el_class=&#8220;teaserBox&#8220;]<a href=\"https:\/\/eks-solar.de\/eks-update\/unternehmen\/agri-pv-anlagen\/\"><img decoding=\"async\" src=\"https:\/\/eks-solar.de\/eks-update\/wp-content\/uploads\/2026\/01\/Teaser-Image-Agri-PV.jpg\" alt=\"AGRI PV Anlage\" width=\"100%\" \/><\/a><\/p>\n<div style=\"padding: 0px 30px 30px 30px;\">\n<h3 style=\"text-align: center;\">AGRI PV<\/h3>\n<p style=\"text-align: center;\">Mit einer AGRI PV Anlage doppelt ernten&#8230; sicher Sie sich ihr Zweiteinkommen.<\/p>\n<\/div>\n<p>[\/vc_column_text][vc_icon icon_fontawesome=&#8220;fa fa-solid fa-circle-plus&#8220; color=&#8220;custom&#8220; background_style=&#8220;rounded&#8220; background_color=&#8220;white&#8220; size=&#8220;lg&#8220; align=&#8220;center&#8220; css=&#8220;.vc_custom_1768486434206{margin-top: -30px !important;}&#8220; custom_color=&#8220;#F4DB06&#8243; link=&#8220;url:https%3A%2F%2Feks-solar.de%2Feks-update%2Funternehmen%2Fagri-pv-anlagen%2F&#8220;][\/vc_column_inner][vc_column_inner width=&#8220;1\/2&#8243; offset=&#8220;vc_col-lg-3 vc_col-md-3 vc_col-sm-offset-0&#8243;][vc_column_text css=&#8220;&#8220; el_class=&#8220;teaserBox&#8220;]<a href=\"https:\/\/eks-solar.de\/eks-update\/unternehmen\/pv-freiflaechenanlagen\/\"><img decoding=\"async\" src=\"https:\/\/eks-solar.de\/eks-update\/wp-content\/uploads\/2026\/01\/Teaser-Image-PV-Freiflaechenanlage.jpg\" alt=\"Photovoltaik Freifl\u00e4chenanlagen\" width=\"100%\" \/><\/a><\/p>\n<div style=\"padding: 0px 30px 30px 30px;\">\n<h3 style=\"text-align: center;\">Freifl\u00e4chenanlangen<\/h3>\n<p style=\"text-align: center;\">Freifl\u00e4chenanlagen leisten einen wichtigen Beitrag zur solaren Energiewende.<\/p>\n<\/div>\n<p>[\/vc_column_text][vc_icon icon_fontawesome=&#8220;fa fa-solid fa-circle-plus&#8220; color=&#8220;custom&#8220; background_style=&#8220;rounded&#8220; background_color=&#8220;white&#8220; size=&#8220;lg&#8220; align=&#8220;center&#8220; css=&#8220;.vc_custom_1767909551938{margin-top: -30px !important;margin-bottom: -40px !important;}&#8220; custom_color=&#8220;#F4DB06&#8243; link=&#8220;url:https%3A%2F%2Feks-solar.de%2Feks-update%2Fspeichersysteme%2F&#8220;][\/vc_column_inner][\/vc_row_inner][\/vc_column][\/vc_row][vc_row][vc_column width=&#8220;1\/6&#8243;][\/vc_column][vc_column width=&#8220;2\/3&#8243; el_class=&#8220;teaserTextIntro&#8220;]<h2 class=\"sc_title sc_title_regular sc_align_center\" style=\"margin-bottom:0.2em;text-align:center;\">Willkommen bei den PV-Experten<\/h2>[vc_column_text css=&#8220;&#8220; el_class=&#8220;introTxt&#8220;]Die EKS Solartechnik GmbH ist auf Planung und Projektierung sowie den Vertrieb von Photovoltaikanlagen und einzelner Komponenten spezialisiert.<br \/>\nUnsere Leistungen in diesem Bereich erstrecken sich von der privaten Kleinanlage mit Eigenverbrauchsoptimierung bis hin zu gro\u00dfen Industrieanlagen.\u00a0Dabei sind wir\u00a0Ihr zuverl\u00e4ssiger Partner von der ersten Beratung \u00fcber Planung und Projektierung Ihrer Anlage bis zur Endmontage und allen Servicearbeiten.[\/vc_column_text][vc_btn title=&#8220;Angebot anfragen&#8220; style=&#8220;flat&#8220; size=&#8220;lg&#8220; css_animation=&#8220;fadeIn&#8220; css=&#8220;.vc_custom_1768571405797{margin-top: 20px !important;}&#8220; link=&#8220;url:https%3A%2F%2Feks-solar.de%2Feks-update%2Fangebot-anfragen%2F|title:Angebot%20anfragen&#8220; el_class=&#8220;buttonAngebot&#8220;][\/vc_column][vc_column width=&#8220;1\/6&#8243;][\/vc_column][\/vc_row][vc_row full_width=&#8220;stretch_row_content&#8220; el_class=&#8220;teaserWrapperProducts&#8220;][vc_column]<div class=\"sc_parallax sc_parallax_reverse_no\" data-parallax-speed=\"-0.25\" data-parallax-x-pos=\"50%\" data-parallax-y-pos=\"50%\"><div class=\"sc_parallax_content\" style=\"background-image:url(https:\/\/eks-solar.de\/eks-update\/wp-content\/uploads\/2018\/12\/BG-Image-Blog-Section.jpg); background-position:50% 50%;\">[vc_empty_space height=&#8220;100px&#8220;]<h2 class=\"sc_title sc_title_regular sc_align_center\" style=\"margin-bottom:0.2em;text-align:center;color:#FFFFFF;\">Komponenten f\u00fcr PV-Anlagen<\/h2>[vc_row_inner el_class=&#8220;teaserProducts&#8220;][vc_column_inner width=&#8220;1\/2&#8243; offset=&#8220;vc_col-lg-offset-0 vc_col-lg-3 vc_col-md-offset-0 vc_col-md-3 vc_col-sm-offset-0&#8243;][vc_column_text css=&#8220;.vc_custom_1775738640078{background-color: #FFFFFF00 !important;}&#8220;]<\/p>\n<div class=\"teaserBoxProduct\">\n<div class=\"teaserImageProduct\"><a href=\"https:\/\/eks-solar.de\/eks-update\/solarmodule\/\"><img decoding=\"async\" src=\"https:\/\/eks-solar.de\/eks-update\/wp-content\/uploads\/2018\/12\/PV-Module-mit-Sonne.jpg\" alt=\"PV Module\" width=\"100%\" \/><\/a><\/div>\n<div class=\"teaserCap\">\n<h3 style=\"text-align: center;\"><a href=\"https:\/\/eks-solar.de\/eks-update\/solarmodule\/\">PV-Module<\/a><\/h3>\n<\/div>\n<\/div>\n<p>[\/vc_column_text][\/vc_column_inner][vc_column_inner width=&#8220;1\/2&#8243; offset=&#8220;vc_col-lg-3 vc_col-md-3 vc_col-sm-offset-0&#8243;][vc_column_text css=&#8220;&#8220;]<\/p>\n<div class=\"teaserBoxProduct\">\n<div class=\"teaserImageProduct\"><a href=\"https:\/\/eks-solar.de\/eks-update\/wechselrichter\/\"><img decoding=\"async\" src=\"https:\/\/eks-solar.de\/eks-update\/wp-content\/uploads\/2018\/12\/wechselrichter.jpg\" alt=\"Wechselrichter von SMA\" width=\"100%\" height=\"auto\" \/><\/a><\/div>\n<div class=\"teaserCap\">\n<h3 style=\"text-align: center;\"><a href=\"https:\/\/eks-solar.de\/eks-update\/wechselrichter\/\">Wechselrichter<\/a><\/h3>\n<\/div>\n<\/div>\n<p>[\/vc_column_text][\/vc_column_inner][vc_column_inner width=&#8220;1\/2&#8243; offset=&#8220;vc_col-lg-3 vc_col-md-3 vc_col-sm-offset-0&#8243;][vc_column_text css=&#8220;&#8220;]<\/p>\n<div class=\"teaserBoxProduct\">\n<div class=\"teaserImageProduct\"><a href=\"https:\/\/eks-solar.de\/eks-update\/unterkonstruktionen\/\"><img decoding=\"async\" src=\"https:\/\/eks-solar.de\/eks-update\/wp-content\/uploads\/2018\/12\/pv-unterkonstruktion.jpg\" alt=\"Uunterkonstruktionen f\u00fcr PV-Anlagen\" width=\"100%\" \/><\/a><\/div>\n<div class=\"teaserCap\">\n<h3 style=\"text-align: center;\"><a href=\"https:\/\/eks-solar.de\/eks-update\/unterkonstruktionen\/\">Unter\u00adkonstruktion<\/a><\/h3>\n<\/div>\n<\/div>\n<p>[\/vc_column_text][\/vc_column_inner][vc_column_inner width=&#8220;1\/2&#8243; offset=&#8220;vc_col-lg-3 vc_col-md-3 vc_col-sm-offset-0&#8243;][vc_column_text css=&#8220;&#8220;]<\/p>\n<div class=\"teaserBoxProduct\">\n<div class=\"teaserImageProduct\"><a href=\"https:\/\/eks-solar.de\/eks-update\/speichersysteme\/\"><img decoding=\"async\" src=\"https:\/\/eks-solar.de\/eks-update\/wp-content\/uploads\/2018\/12\/speichersysteme-strommanager.jpg\" alt=\"SMA Strommanager - Speichersystem\" width=\"100%\" \/><\/a><\/div>\n<div class=\"teaserCap\">\n<h3 style=\"text-align: center;\"><a href=\"https:\/\/eks-solar.de\/eks-update\/speichersysteme\/\">Speichersysteme<\/a><\/h3>\n<\/div>\n<\/div>\n<p>[\/vc_column_text][\/vc_column_inner][\/vc_row_inner][vc_empty_space height=&#8220;100px&#8220;]<\/div><\/div>[\/vc_column][\/vc_row][vc_row full_width=&#8220;stretch_row_content&#8220; disable_element=&#8220;yes&#8220; el_class=&#8220;hide-on-all&#8220;][vc_column]<div class=\"sc_parallax sc_parallax_reverse_no\" data-parallax-speed=\"-0.25\" data-parallax-x-pos=\"50%\" data-parallax-y-pos=\"50%\"><div class=\"sc_parallax_content\" style=\"background-image:url(https:\/\/eks-solar.de\/eks-update\/wp-content\/uploads\/2018\/12\/BG-Image-Blog-Section.jpg); background-position:50% 50%;\"><div class=\"sc_content content_wrap\">[vc_empty_space height=&#8220;2.8571em&#8220;][vc_column_text css=&#8220;&#8220;]<\/p>\n<h2 class=\"white\" style=\"text-align: center;\">PV-Komponenten<\/h2>\n<p>[\/vc_column_text][vc_empty_space height=&#8220;2.8571em&#8220;][vc_masonry_grid post_type=&#8220;ids&#8220; element_width=&#8220;3&#8243; item=&#8220;masonryMedia_SimpleOverlay&#8220; css=&#8220;&#8220; grid_id=&#8220;vc_gid:1775738565779-1bf13840-7080-7&#8243; include=&#8220;12, 274, 289, 305&#8243; el_class=&#8220;hide-on-all&#8220;][vc_empty_space height=&#8220;100px&#8220;]<\/div><\/div><\/div>[\/vc_column][\/vc_row][vc_row el_class=&#8220;referenzenWrapper&#8220;][vc_column width=&#8220;2\/12&#8243;][\/vc_column][vc_column width=&#8220;2\/3&#8243; el_class=&#8220;contentRow&#8220;][vc_empty_space height=&#8220;60px&#8220;]<h3 class=\"sc_title sc_title_regular sc_align_center styling2\" style=\"margin-right:20px;margin-left:20px;text-align:center;\">Realisierte Anlagen<\/h3>[vc_column_text css=&#8220;.vc_custom_1775645192133{margin-left: 20px !important;}&#8220;]<\/p>\n<p style=\"text-align: center;\">Wir haben bereits \u00fcber 3000 Photovoltaik-Anlagen unterschiedlicher Bauart und Leistungen realisiert. Unser Anlagenspektrum reicht dabei von Kleinanlagen ab 4 kWp bis zu gro\u00dfen Anlagen \u00fcber 1000 kWp. F\u00fcr Fragen rund um Planung und Projektierung Ihrer PV-Anlage stehen wir Ihnen jederzeit gerne zur Verf\u00fcgung. <a href=\"https:\/\/eks-solar.de\/eks-update\/kontakt\/\">\u00a0<span class=\"nobreak\">[ &gt;&gt; ]<\/span> <\/a><\/p>\n<p>[\/vc_column_text][vc_empty_space height=&#8220;40px&#8220;][\/vc_column][vc_column width=&#8220;2\/12&#8243; offset=&#8220;vc_hidden-sm vc_hidden-xs&#8220;][\/vc_column][\/vc_row][vc_row el_class=&#8220;galerieWrapper&#8220;][vc_column width=&#8220;1\/12&#8243;][\/vc_column][vc_column width=&#8220;10\/12&#8243; offset=&#8220;vc_hidden-lg vc_hidden-md vc_hidden-sm&#8220;][vc_gallery type=&#8220;flexslider_slide&#8220; interval=&#8220;3&#8243; images=&#8220;907,904,897,893,894,905&#8243; img_size=&#8220;480x360px&#8220; css=&#8220;&#8220;][vc_empty_space height=&#8220;80px&#8220;][\/vc_column][vc_column width=&#8220;1\/12&#8243;][\/vc_column][\/vc_row][vc_row][vc_column width=&#8220;1\/12&#8243;][\/vc_column][vc_column width=&#8220;10\/12&#8243; offset=&#8220;vc_hidden-xs&#8220;][vc_media_grid element_width=&#8220;2&#8243; css=&#8220;&#8220; grid_id=&#8220;vc_gid:1775738565783-7fe5dcb6-1537-0&#8243; include=&#8220;907,905,904,903,902,901,900,899,898,897,896,895,894,893,892,891,890,889&#8243; el_class=&#8220;mediaGalerieBox&#8220;][vc_empty_space height=&#8220;80px&#8220;][\/vc_column][vc_column width=&#8220;1\/12&#8243;][\/vc_column][\/vc_row][vc_row el_class=&#8220;missionWrapper&#8220;][vc_column width=&#8220;1\/12&#8243; offset=&#8220;vc_hidden-sm vc_hidden-xs&#8220;][\/vc_column][vc_column width=&#8220;5\/12&#8243; el_class=&#8220;contentRow&#8220;]<h3 class=\"sc_title sc_title_regular styling1\" style=\"margin-right:20px;margin-left:20px;color:#353535;\">Unsere Mission<\/h3>[vc_column_text css=&#8220;.vc_custom_1775738025748{margin-right: 20px !important;margin-left: 20px !important;}&#8220;]Die Energiewende ist eine der gro\u00dfen Aufgaben unserer Generation und es liegt an uns diese zum Erfolg zu f\u00fchren. Wir sind uns der Verantwortung gegen\u00fcber unseren Kunden und der Umwelt bewusst.<\/p>\n<p>Machen Sie sich unabh\u00e4ngig von Ihrem Stromanbieter mit einer Photovoltaik\u00adanlage kombiniert mit einem Strom\u00ad\u00adspeicher\u00ad\u00adsystem von EKS Solartechnik. Wir sind Ihr zuverl\u00e4ssiger Partner von der Anlagen\u00adplanung und Auswahl der Komponenten \u00fcber Speicher\u00adsysteme bis zur Montage und Inbetriebnahme. Gerne begleiten wir auch Sie auf Ihrem Weg zur eigenen PV-Anlage und stehen f\u00fcr Fragen jederzeit zur Verf\u00fcgung.[\/vc_column_text]<h5 class=\"sc_title sc_title_regular sc_align_left\" style=\"margin-top:1.5714em;margin-bottom:-0.1em;margin-left:20px;text-align:left;color:#343434;\">Harald Schmieg<\/h5>[vc_column_text css=&#8220;.vc_custom_1543935807110{margin-left: 20px !important;}&#8220;]Gesch\u00e4ftsf\u00fchrer[\/vc_column_text]<a href=\"https:\/\/eks-solar.de\/eks-update\/kontakt\/\" class=\"sc_button sc_button_square sc_button_style_filled sc_button_bg_color_style_bg_style1 sc_button_size_small\" style=\"margin-top:1.914em;margin-left:20px;\">KONTAKT<\/a>[vc_empty_space height=&#8220;58px&#8220;][\/vc_column][vc_column width=&#8220;1\/2&#8243;][vc_empty_space height=&#8220;20px&#8220;]<figure class=\"sc_image  sc_image_shape_square\" style=\"margin-right:20px !important;margin-left:20px !important;\"><img decoding=\"async\" src=\"https:\/\/eks-solar.de\/eks-update\/wp-content\/uploads\/2018\/12\/eks-team.jpg\" alt=\"\" \/><\/figure>[\/vc_column][\/vc_row][vc_row full_width=&#8220;stretch_row_content_no_spaces&#8220; disable_element=&#8220;yes&#8220; el_class=&#8220;hide-on-all&#8220;][vc_column]<div class=\"sc_parallax sc_parallax_reverse_yes\" style=\"background-color:#033B7C;\" data-parallax-speed=\"-0.3\" data-parallax-x-pos=\"50%\" data-parallax-y-pos=\"50%\"><div class=\"sc_parallax_content\" style=\"background-image:url(https:\/\/eks-solar.de\/eks-update\/wp-content\/uploads\/2018\/12\/BG-Image-Blog-Section.jpg); background-position:50% 50%;\"><div class=\"sc_content content_wrap\">[vc_empty_space height=&#8220;2.8571em&#8220;]<div id=\"sc_skills_diagram_1175021175\" class=\"sc_skills sc_skills_counter\" style=\"margin-top:3em;margin-bottom:3em;\" data-type=\"counter\" data-caption=\"Skills\"><h2 class=\"sc_skills_title sc_item_title\">Unser Beitrag zur Energiewende<\/h2><div class=\"sc_skills_descr sc_item_descr\">Realisierte Projekte sowie installierte Gesamtleistung (Stand 2025)<\/div><div class=\"columns_wrap sc_skills_columns sc_skills_columns_4\"><div class=\"sc_skills_column column-1_4\"><div class=\"sc_skills_item sc_skills_style_1 odd first\"><div class=\"sc_skills_icon icon-tools\"><\/div><div class=\"sc_skills_count\"><\/div><div class=\"sc_skills_total\" data-start=\"0\" data-stop=\"652\" data-step=\"1800\" data-max=\"180000\" data-speed=\"21\" data-duration=\"8\" data-ed=\"\">0<\/div><div class=\"sc_skills_info\"><div class=\"sc_skills_label\">Realisierte PV-Anlagen<\/div><\/div><\/div><\/div><div class=\"sc_skills_column column-1_4\"><div class=\"sc_skills_item sc_skills_style_1 even\"><div class=\"sc_skills_icon icon-house\"><\/div><div class=\"sc_skills_count\"><\/div><div class=\"sc_skills_total\" data-start=\"0\" data-stop=\"120\" data-step=\"1800\" data-max=\"180000\" data-speed=\"21\" data-duration=\"1\" data-ed=\"\">0<\/div><div class=\"sc_skills_info\"><div class=\"sc_skills_label\">kleinste Anlagengr\u00f6\u00dfe (in kWp)<\/div><\/div><\/div><\/div><div class=\"sc_skills_column column-1_4\"><div class=\"sc_skills_item sc_skills_style_1 odd\"><div class=\"sc_skills_icon icon-trophy\"><\/div><div class=\"sc_skills_count\"><\/div><div class=\"sc_skills_total\" data-start=\"0\" data-stop=\"2400\" data-step=\"1800\" data-max=\"180000\" data-speed=\"25\" data-duration=\"33\" data-ed=\"\">0<\/div><div class=\"sc_skills_info\"><div class=\"sc_skills_label\">Gr\u00f6\u00dfte Anlage (in kWp)<\/div><\/div><\/div><\/div><div class=\"sc_skills_column column-1_4\"><div class=\"sc_skills_item sc_skills_style_1 even\"><div class=\"sc_skills_icon icon-sunny39\"><\/div><div class=\"sc_skills_count\"><\/div><div class=\"sc_skills_total\" data-start=\"0\" data-stop=\"180000\" data-step=\"1800\" data-max=\"180000\" data-speed=\"28\" data-duration=\"2800\" data-ed=\"\">0<\/div><div class=\"sc_skills_info\"><div class=\"sc_skills_label\">Installierte Gesamtleistung (in kWp)<\/div><\/div><\/div><\/div><\/div><\/div>[vc_empty_space height=&#8220;4.15em&#8220;]<\/div><\/div><\/div>[\/vc_column][\/vc_row][vc_row full_width=&#8220;stretch_row_content_no_spaces&#8220;][vc_column width=&#8220;1\/12&#8243;][\/vc_column][vc_column width=&#8220;10\/12&#8243; offset=&#8220;vc_hidden-xs&#8220;][vc_empty_space height=&#8220;80px&#8220;]<div id=\"sc_clients_1052160588_wrap\" class=\"sc_clients_wrap\"><div id=\"sc_clients_1052160588\" class=\"sc_clients sc_clients_style_clients-1  sc_slider_nopagination sc_slider_nocontrols\" data-interval=\"7708\" data-slides-per-view=\"7\" style=\"````margin-top:3em;margin-bottom:3em;width:100%;\"><h2 class=\"sc_clients_title sc_item_title\">Unsere Partner<\/h2><div class=\"sc_clients_descr sc_item_descr\">Wir arbeiten nur mit zertifizierten Partnern, egal ob es sich um Hersteller von Modulen und Anlagekomponenten wie Wechselrichter oder um Partnerfirmen f\u00fcr die Endmontage \/ Inbetriebnahme sowie Servicearbeiten handelt.<\/div><div class=\"sc_columns columns_wrap\"><div class=\"column-1_7 column_padding_bottom\">\t\t\t<div id=\"sc_clients_1052160588_1\" class=\"sc_clients_item sc_clients_item_1 odd first\">\n\t\t\t\t\t\t\t\t<div class=\"sc_client_image\"><img decoding=\"async\" class=\"wp-post-image\" alt=\"BYD\" src=\"https:\/\/eks-solar.de\/eks-update\/wp-content\/uploads\/2026\/04\/BYD-Logo.jpg\"><\/div>\n\t\t\t\t\t\t\t<\/div>\n\t\t<\/div><div class=\"column-1_7 column_padding_bottom\">\t\t\t<div id=\"sc_clients_1052160588_2\" class=\"sc_clients_item sc_clients_item_2 even\">\n\t\t\t\t\t\t\t\t<div class=\"sc_client_image\"><img decoding=\"async\" class=\"wp-post-image\" alt=\"Goodwe\" src=\"https:\/\/eks-solar.de\/eks-update\/wp-content\/uploads\/2026\/04\/Goodwe-Logo-1.jpg\"><\/div>\n\t\t\t\t\t\t\t<\/div>\n\t\t<\/div><div class=\"column-1_7 column_padding_bottom\">\t\t\t<div id=\"sc_clients_1052160588_3\" class=\"sc_clients_item sc_clients_item_3 odd\">\n\t\t\t\t\t\t\t\t<div class=\"sc_client_image\"><img decoding=\"async\" class=\"wp-post-image\" alt=\"Huawei\" src=\"https:\/\/eks-solar.de\/eks-update\/wp-content\/uploads\/2026\/04\/Logo-Huawei.jpg\"><\/div>\n\t\t\t\t\t\t\t<\/div>\n\t\t<\/div><div class=\"column-1_7 column_padding_bottom\">\t\t\t<div id=\"sc_clients_1052160588_4\" class=\"sc_clients_item sc_clients_item_4 even\">\n\t\t\t\t\t\t\t\t<div class=\"sc_client_image\"><img decoding=\"async\" class=\"wp-post-image\" alt=\"K2 Systems\" src=\"https:\/\/eks-solar.de\/eks-update\/wp-content\/uploads\/2018\/12\/Logo-K2-Montagesysteme.jpg\"><\/div>\n\t\t\t\t\t\t\t<\/div>\n\t\t<\/div><div class=\"column-1_7 column_padding_bottom\">\t\t\t<div id=\"sc_clients_1052160588_5\" class=\"sc_clients_item sc_clients_item_5 odd\">\n\t\t\t\t\t\t\t\t<div class=\"sc_client_image\"><img decoding=\"async\" class=\"wp-post-image\" alt=\"Kaco\" src=\"https:\/\/eks-solar.de\/eks-update\/wp-content\/uploads\/2018\/12\/Logo-Kaco.jpg\"><\/div>\n\t\t\t\t\t\t\t<\/div>\n\t\t<\/div><div class=\"column-1_7 column_padding_bottom\">\t\t\t<div id=\"sc_clients_1052160588_6\" class=\"sc_clients_item sc_clients_item_6 even\">\n\t\t\t\t\t\t\t\t<div class=\"sc_client_image\"><img decoding=\"async\" class=\"wp-post-image\" alt=\"SMA\" src=\"https:\/\/eks-solar.de\/eks-update\/wp-content\/uploads\/2018\/12\/Logo-SMA.jpg\"><\/div>\n\t\t\t\t\t\t\t<\/div>\n\t\t<\/div><div class=\"column-1_7 column_padding_bottom\">\t\t\t<div id=\"sc_clients_1052160588_7\" class=\"sc_clients_item sc_clients_item_7 odd\">\n\t\t\t\t\t\t\t\t<div class=\"sc_client_image\"><img decoding=\"async\" class=\"wp-post-image\" alt=\"Axitec\" src=\"https:\/\/eks-solar.de\/eks-update\/wp-content\/uploads\/2018\/12\/Logo-Axitec.jpg\"><\/div>\n\t\t\t\t\t\t\t<\/div>\n\t\t<\/div><\/div><\/div><!-- \/.sc_clients --><\/div><!-- \/.sc_clients_wrap -->[vc_empty_space height=&#8220;2.8em&#8220;][\/vc_column][vc_column width=&#8220;1\/12&#8243;][\/vc_column][\/vc_row]<\/p>\n<\/div>","protected":false},"excerpt":{"rendered":"<p>[vc_row full_width=&#8220;stretch_row_content&#8220; gap=&#8220;20&#8243; el_class=&#8220;teaserWrapper&#8220;][vc_column][vc_row_inner content_placement=&#8220;top&#8220; css=&#8220;.vc_custom_1754324810967{margin-bottom: 3.8em !important;}&#8220;][vc_column_inner width=&#8220;1\/2&#8243; offset=&#8220;vc_col-lg-offset-0 vc_col-lg-3 vc_col-md-offset-0 vc_col-md-3 vc_col-sm-offset-0&#8243;][vc_column_text css=&#8220;&#8220; el_class=&#8220;teaserBox&#8220;] F\u00fcr Gewerbekunden Eine Photovoltaikanlage ist f\u00fcr Unternehmen \u00f6konomisch sinnvoll, \u00f6kologisch notwendig und strategisch vorteilhaft. [\/vc_column_text][vc_icon icon_fontawesome=&#8220;fa fa-solid fa-circle-plus&#8220; color=&#8220;custom&#8220; background_style=&#8220;rounded&#8220; background_color=&#8220;white&#8220; size=&#8220;lg&#8220; align=&#8220;center&#8220; css=&#8220;.vc_custom_1767912149814{margin-top: -30px !important;}&#8220; custom_color=&#8220;#F4DB06&#8243; link=&#8220;url:https%3A%2F%2Feks-solar.de%2Feks-update%2Fhome%2Ffuer-gewerbekunden%2F&#8220;][\/vc_column_inner][vc_column_inner width=&#8220;1\/2&#8243; offset=&#8220;vc_col-lg-3 vc_col-md-3 vc_col-sm-offset-0&#8243;][vc_column_text css=&#8220;&#8220; el_class=&#8220;teaserBox&#8220;] F\u00fcr Privatkunden Machen Sie sich [&hellip;]<\/p>\n","protected":false},"author":2,"featured_media":0,"parent":0,"menu_order":1,"comment_status":"open","ping_status":"closed","template":"","meta":{"footnotes":""},"class_list":["post-13","page","type-page","status-publish","hentry"],"_links":{"self":[{"href":"https:\/\/eks-solar.de\/eks-update\/wp-json\/wp\/v2\/pages\/13","targetHints":{"allow":["GET"]}}],"collection":[{"href":"https:\/\/eks-solar.de\/eks-update\/wp-json\/wp\/v2\/pages"}],"about":[{"href":"https:\/\/eks-solar.de\/eks-update\/wp-json\/wp\/v2\/types\/page"}],"author":[{"embeddable":true,"href":"https:\/\/eks-solar.de\/eks-update\/wp-json\/wp\/v2\/users\/2"}],"replies":[{"embeddable":true,"href":"https:\/\/eks-solar.de\/eks-update\/wp-json\/wp\/v2\/comments?post=13"}],"version-history":[{"count":279,"href":"https:\/\/eks-solar.de\/eks-update\/wp-json\/wp\/v2\/pages\/13\/revisions"}],"predecessor-version":[{"id":2389,"href":"https:\/\/eks-solar.de\/eks-update\/wp-json\/wp\/v2\/pages\/13\/revisions\/2389"}],"wp:attachment":[{"href":"https:\/\/eks-solar.de\/eks-update\/wp-json\/wp\/v2\/media?parent=13"}],"curies":[{"name":"wp","href":"https:\/\/api.w.org\/{rel}","templated":true}]}}