{"id":1460,"date":"2025-11-27T10:25:30","date_gmt":"2025-11-27T09:25:30","guid":{"rendered":"https:\/\/eks-solar.de\/eks-update\/?page_id=1460"},"modified":"2026-04-11T17:55:42","modified_gmt":"2026-04-11T15:55:42","slug":"jobs-karriere","status":"publish","type":"page","link":"https:\/\/eks-solar.de\/eks-update\/unternehmen\/jobs-karriere\/","title":{"rendered":"Jobs \/ Karriere"},"content":{"rendered":"<div class=\"wpb-content-wrapper\"><p>[vc_row full_width=&#8220;stretch_row_content_no_spaces&#8220;][vc_column]<div class=\"sc_parallax sc_parallax_reverse_no\" style=\"color:#ffffff;background-color:#1069B9;\" data-parallax-speed=\"0.3\" data-parallax-x-pos=\"50%\" data-parallax-y-pos=\"50%\"><div class=\"sc_parallax_content\" style=\"background-image:url(https:\/\/eks-solar.de\/eks-update\/wp-content\/uploads\/2025\/08\/BG-Page-Title-PV-Module.jpg); background-position:50% 50%;\"><div class=\"sc_content content_wrap\">[vc_column_text css=&#8220;&#8220;]<\/p>\n<h1 class=\"pageTitle\">Jobs \/ Karriere<\/h1>\n<p>[\/vc_column_text]<\/div><\/div><\/div>[\/vc_column][\/vc_row][vc_row gap=&#8220;30&#8243; css=&#8220;.vc_custom_1775922940207{margin-top: 4em !important;margin-bottom: 2em !important;}&#8220;][vc_column width=&#8220;1\/2&#8243;][vc_column_text css=&#8220;&#8220;]Wir brauchen Verst\u00e4rkung f\u00fcr unseren Elektromeister und suchen ab sofort in Vollzeit einen<\/p>\n<h2 class=\"bigCap\" style=\"padding-top: 5px;\"><strong>Elektriker oder Elektroniker (m\/w\/d)<\/strong><\/h2>\n<p>mit Begeisterung f\u00fcr erneuerbare Energien und Photovoltaik.<\/p>\n<p>Bist du auf der Suche nach einer neuen Herausforderung in einer zukunftssicheren Branche?<br \/>\nWir sind ein mittelst\u00e4ndisches Unternehmen im Bereich erneuerbare Energien und spezialisiert auf die wirtschaftliche Planung, Installation und Betrieb von Photovoltaikanlagen. Besonders motiviert uns dabei das Energiemanagement in Verbindung mit anderen Sektoren wie z.B. der W\u00e4rmeversorgung und Elektromobilit\u00e4t. Unser Ziel ist es, umweltfreundliche Energiel\u00f6sungen zu bieten und unseren Kunden dabei zu helfen, nachhaltig und kosteneffizient zu leben.[\/vc_column_text][vc_empty_space height=&#8220;20px&#8220;][vc_tta_accordion title_tag=&#8220;h3&#8243; color=&#8220;white&#8220; spacing=&#8220;10&#8243; gap=&#8220;10&#8243; active_section=&#8220;-1&#8243; collapsible_all=&#8220;true&#8220;][vc_tta_section title=&#8220;Deine Aufgaben&#8220; tab_id=&#8220;job-aufgaben&#8220;][vc_column_text css=&#8220;&#8220;]\u2022 DC\/AC Installation der Komponenten wie z.B. der Solarmodule, Wechselrichter, Speicher, \u00dcberspannungsschutz, Wallboxen, Z\u00e4hlerschr\u00e4nke und anderer Systemkomponenten<br \/>\n\u2022 Inbetriebnahme von Photovoltaikanlagen auf D\u00e4chern und Freifl\u00e4chen<br \/>\n\u2022 Durchf\u00fchrung von Wartungs- und Reparaturarbeiten an bestehenden Solaranlagen<br \/>\n\u2022 Wartung und \u00dcberpr\u00fcfung der elektrischen Systeme und Sicherstellung der Einhaltung aller Sicherheitsvorschriften und Normen<br \/>\n\u2022 Fehlersuche und Behebung von St\u00f6rungen und technischen Problemen<br \/>\n\u2022 Zusammenarbeit mit dem Planungsteam und Unterst\u00fctzung bei der Erstellung von Installationspl\u00e4nen<br \/>\n\u2022 Betreuung unserer Kunden im Servicefall vor Ort[\/vc_column_text][\/vc_tta_section][vc_tta_section title=&#8220;Das bringst du mit&#8220; tab_id=&#8220;job-anforderungen&#8220;][vc_column_text css=&#8220;&#8220;]<span style=\"font-family: 'Arial',sans-serif;\">\u2022 Eine abgeschlossene Berufsausbildung als Elektriker\/Elektroinstallateur<br \/>\n\u2022 Du hast bereits Berufserfahrung in der Installation und Wartung von Photovoltaikanlagen (w\u00fcnschenswert)<br \/>\n\u2022 PKW-F\u00fchrerschein der Klasse B<br \/>\n\u2022 Du hast fundierte Kenntnisse der relevanten Normen und Vorschriften im Bereich Elektrotechnik<br \/>\n\u2022 Du bist ein Teamplayer und arbeitest gleichzeitig selbstst\u00e4ndig und eigenverantwortlich<br \/>\n\u2022 Du bist sehr gut strukturiert und eigenorganisiert<br \/>\n\u2022 Du bist motiviert und bereit, dich im Bereich erneuerbare Energien weiter zu entwickeln<br \/>\n\u2022 Du bist k\u00f6rperlich belastbar und schwindelfrei (Arbeiten auf D\u00e4chern)<\/span>[\/vc_column_text][\/vc_tta_section][vc_tta_section title=&#8220;Das bieten wir&#8220; tab_id=&#8220;job-benefits&#8220;][vc_column_text css=&#8220;&#8220;]\u2022 Eine abwechslungsreiche und verantwortungsvolle T\u00e4tigkeit in einem zukunftsorientierten Unternehmen<br \/>\n\u2022 Intensive Einarbeitung und regelm\u00e4\u00dfige Schulungen<br \/>\n\u2022 Moderne Arbeitsausstattung und hochwertige Werkzeuge<br \/>\n\u2022 Attraktive Verg\u00fctung und Sozialleistungen<br \/>\n\u2022 Ein kollegiales und motiviertes Team[\/vc_column_text][\/vc_tta_section][\/vc_tta_accordion][vc_empty_space height=&#8220;20px&#8220;][vc_column_text css=&#8220;.vc_custom_1764259327852{padding-right: 20px !important;}&#8220;]<\/p>\n<h3 class=\"titleMargB20\">Setze deine F\u00e4higkeiten f\u00fcr eine gr\u00fcne Zukunft ein und verst\u00e4rke unser Team<\/h3>\n<p>Wenn Du Teil unseres dynamischen Teams werden m\u00f6chtest und gemeinsam mit uns an einer nachhaltigen Zukunft arbeiten willst, freuen wir uns auf deine aussagekr\u00e4ftige Bewerbung. Bitte sende uns daf\u00fcr deine Unterlagen inklusive Gehaltsvorstellungen und fr\u00fchestm\u00f6glichem Eintrittstermin.<\/p>\n<p>Wir freuen uns darauf, dich kennenzulernen![\/vc_column_text][vc_empty_space height=&#8220;2em&#8220;][\/vc_column][vc_column width=&#8220;1\/2&#8243; el_class=&#8220;rightInfoCol&#8220;][vc_column_text css=&#8220;&#8220;]Sende deine Bewerbung per E-Mail an:<br \/>\nharald.schmieg@eks-solar.de\u00a0 &#8211; oder<\/p>\n<h3 class=\"titleMargB20\">Bewirb dich ganz einfach online<\/h3>\n<p>[\/vc_column_text][vc_column_text css=&#8220;&#8220;]<div role=\"form\" class=\"wpcf7\" id=\"wpcf7-f1463-o1\" lang=\"de-DE\" dir=\"ltr\">\n<div class=\"screen-reader-response\"><p role=\"status\" aria-live=\"polite\" aria-atomic=\"true\"><\/p> <ul><\/ul><\/div>\n<form action=\"\/eks-update\/wp-json\/wp\/v2\/pages\/1460#wpcf7-f1463-o1\" method=\"post\" class=\"wpcf7-form init\" novalidate=\"novalidate\" data-status=\"init\">\n<div style=\"display: none;\">\n<input type=\"hidden\" name=\"_wpcf7\" value=\"1463\" \/>\n<input type=\"hidden\" name=\"_wpcf7_version\" value=\"5.6.4\" \/>\n<input type=\"hidden\" name=\"_wpcf7_locale\" value=\"de_DE\" \/>\n<input type=\"hidden\" name=\"_wpcf7_unit_tag\" value=\"wpcf7-f1463-o1\" \/>\n<input type=\"hidden\" name=\"_wpcf7_container_post\" value=\"0\" \/>\n<input type=\"hidden\" name=\"_wpcf7_posted_data_hash\" value=\"\" \/>\n<\/div>\n<span class=\"bigBoldText\">Deine Kontaktdaten<\/span> (* erforderliche Angaben)\n\n<span class=\"wpcf7-form-control-wrap\" data-name=\"your-gen\"><input type=\"text\" name=\"your-gen\" value=\"\" size=\"40\" class=\"wpcf7-form-control wpcf7-text\" aria-invalid=\"false\" placeholder=\"Herr \/ Frau \/ Divers\" \/><\/span>\n\n<span class=\"wpcf7-form-control-wrap\" data-name=\"your-prename\"><input type=\"text\" name=\"your-prename\" value=\"\" size=\"40\" class=\"wpcf7-form-control wpcf7-text wpcf7-validates-as-required\" aria-required=\"true\" aria-invalid=\"false\" placeholder=\"Vorname*\" \/><\/span>\n\n<span class=\"wpcf7-form-control-wrap\" data-name=\"your-name\"><input type=\"text\" name=\"your-name\" value=\"\" size=\"40\" class=\"wpcf7-form-control wpcf7-text wpcf7-validates-as-required\" aria-required=\"true\" aria-invalid=\"false\" placeholder=\"Name*\" \/><\/span>\n\n<span class=\"wpcf7-form-control-wrap\" data-name=\"your-city\"><input type=\"text\" name=\"your-city\" value=\"\" size=\"40\" class=\"wpcf7-form-control wpcf7-text wpcf7-validates-as-required\" aria-required=\"true\" aria-invalid=\"false\" placeholder=\"PLZ und Ort*\" \/><\/span>\n\n<span class=\"wpcf7-form-control-wrap\" data-name=\"your-email\"><input type=\"email\" name=\"your-email\" value=\"\" size=\"40\" class=\"wpcf7-form-control wpcf7-text wpcf7-email wpcf7-validates-as-required wpcf7-validates-as-email\" aria-required=\"true\" aria-invalid=\"false\" placeholder=\"E-Mail-Adresse*\" \/><\/span>\n\n<span class=\"wpcf7-form-control-wrap\" data-name=\"your-tel\"><input type=\"text\" name=\"your-tel\" value=\"\" size=\"40\" class=\"wpcf7-form-control wpcf7-text\" aria-invalid=\"false\" placeholder=\"Telefon \/ Mobil-Nr.\" \/><\/span>\n\n<div style=\"height: 10px;\"><!-- Spacer --><\/div>\n\n<p>Deine Nachricht:<\/p>\n<span class=\"wpcf7-form-control-wrap\" data-name=\"message\"><textarea name=\"message\" cols=\"40\" rows=\"10\" class=\"wpcf7-form-control wpcf7-textarea\" aria-invalid=\"false\" placeholder=\"...\"><\/textarea><\/span> \n\n<div style=\"height: 10px;\"><!-- Spacer --><\/div>\n\n<p>Upload Bewerbungsunterlagen [PDF-Format]:<\/p>\n<span class=\"wpcf7-form-control-wrap\" data-name=\"DateiUpload\"><input type=\"file\" size=\"40\" class=\"wpcf7-form-control wpcf7-drag-n-drop-file d-none\" aria-invalid=\"false\" multiple=\"multiple\" data-name=\"DateiUpload\" data-type=\"pdf|\" data-min=\"1\" data-max=\"5\" data-id=\"1463\" data-version=\"free version 1.3.9.6\" accept=\".pdf, .\" data-black-list=\"exe|bat|com|gif|\" \/><\/span>\n\n<span id=\"wpcf7-69e72d8f9796b-wrapper\" class=\"wpcf7-form-control-wrap bewerbung-111-wrap\" ><label for=\"wpcf7-69e72d8f9796b-field\" class=\"hp-message\">Bitte lasse dieses Feld leer.<\/label><input id=\"wpcf7-69e72d8f9796b-field\"  class=\"wpcf7-form-control wpcf7-text\" type=\"text\" name=\"bewerbung-111\" value=\"\" size=\"40\" tabindex=\"-1\" autocomplete=\"new-password\" \/><\/span>\n\n<span class=\"wpcf7-form-control-wrap\" data-name=\"dsgvo-consent\"><span class=\"wpcf7-form-control wpcf7-acceptance\"><span class=\"wpcf7-list-item\"><label><input type=\"checkbox\" name=\"dsgvo-consent\" value=\"1\" aria-invalid=\"false\" \/><span class=\"wpcf7-list-item-label\">Ich akzeptiere die <a href=\"https:\/\/eks-solar.de\/eks-update\/datenschutzerklaerung\/\" rel=\"nofollow\">Datenschutzerkl\u00e4rung<\/a>.<\/span><\/label><\/span><\/span><\/span> \n\n<input type=\"submit\" value=\"Bewerbung senden\" class=\"wpcf7-form-control has-spinner wpcf7-submit\" \/><div class=\"wpcf7-response-output\" aria-hidden=\"true\"><\/div><\/form><\/div>[\/vc_column_text][vc_empty_space][\/vc_column][\/vc_row][vc_row full_width=&#8220;stretch_row_content_no_spaces&#8220; disable_element=&#8220;yes&#8220; el_class=&#8220;hide-on-all&#8220;][vc_column]<div class=\"sc_parallax sc_parallax_reverse_yes\" data-parallax-speed=\"0.3\" data-parallax-x-pos=\"50%\" data-parallax-y-pos=\"50%\"><div class=\"sc_parallax_content\" style=\"background-image:url(https:\/\/eks-solar.de\/eks-update\/wp-content\/uploads\/2018\/12\/BG-Image-Blog-Section.jpg); background-position:50% 50%;\"><div class=\"sc_parallax_overlay\" style=\"background-color:rgba(16,105,185,0.5);\" data-overlay=\"0.5\" data-bg_color=\"#1069B9\"><div class=\"sc_content content_wrap\">[vc_empty_space height=&#8220;2.8571em&#8220;][vc_column_text]<\/p>\n<h2 class=\"white\" style=\"text-align: center;\">Aktuelles<\/h2>\n<p>[\/vc_column_text][vc_empty_space height=&#8220;2.8571em&#8220;][vc_masonry_grid post_type=&#8220;post&#8220; max_items=&#8220;3&#8243; item=&#8220;basicGrid_SlideFromLeft&#8220; grid_id=&#8220;vc_gid:1775922933892-3f5598fe-5f0c-9&#8243;][vc_column_text]<\/p>\n<p class=\"white\" style=\"text-align: center;\">Klicken Sie auf das Vorschaubild f\u00fcr den ausf\u00fchrlichen Beitrag.<br \/>\nAlle News und aktuellen Beitr\u00e4ge finden Sie in unserem <a href=\"https:\/\/eks-solar.de\/eks-update\/blog\/\">Blog<\/a>.[\/vc_column_text][vc_empty_space height=&#8220;4.15em&#8220;]<\/div><\/div><\/div><\/div>[\/vc_column][\/vc_row]<\/p>\n<\/div>","protected":false},"excerpt":{"rendered":"<p>[vc_row full_width=&#8220;stretch_row_content_no_spaces&#8220;][vc_column][\/vc_column][\/vc_row][vc_row gap=&#8220;30&#8243; css=&#8220;.vc_custom_1775922940207{margin-top: 4em !important;margin-bottom: 2em !important;}&#8220;][vc_column width=&#8220;1\/2&#8243;][vc_column_text css=&#8220;&#8220;]Wir brauchen Verst\u00e4rkung f\u00fcr unseren Elektromeister und suchen ab sofort in Vollzeit einen Elektriker oder Elektroniker (m\/w\/d) mit Begeisterung f\u00fcr erneuerbare Energien und Photovoltaik. Bist du auf der Suche nach einer neuen Herausforderung in einer zukunftssicheren Branche? Wir sind ein mittelst\u00e4ndisches Unternehmen im Bereich erneuerbare Energien [&hellip;]<\/p>\n","protected":false},"author":1,"featured_media":0,"parent":13,"menu_order":5,"comment_status":"open","ping_status":"closed","template":"","meta":{"footnotes":""},"class_list":["post-1460","page","type-page","status-publish","hentry"],"_links":{"self":[{"href":"https:\/\/eks-solar.de\/eks-update\/wp-json\/wp\/v2\/pages\/1460","targetHints":{"allow":["GET"]}}],"collection":[{"href":"https:\/\/eks-solar.de\/eks-update\/wp-json\/wp\/v2\/pages"}],"about":[{"href":"https:\/\/eks-solar.de\/eks-update\/wp-json\/wp\/v2\/types\/page"}],"author":[{"embeddable":true,"href":"https:\/\/eks-solar.de\/eks-update\/wp-json\/wp\/v2\/users\/1"}],"replies":[{"embeddable":true,"href":"https:\/\/eks-solar.de\/eks-update\/wp-json\/wp\/v2\/comments?post=1460"}],"version-history":[{"count":24,"href":"https:\/\/eks-solar.de\/eks-update\/wp-json\/wp\/v2\/pages\/1460\/revisions"}],"predecessor-version":[{"id":2566,"href":"https:\/\/eks-solar.de\/eks-update\/wp-json\/wp\/v2\/pages\/1460\/revisions\/2566"}],"up":[{"embeddable":true,"href":"https:\/\/eks-solar.de\/eks-update\/wp-json\/wp\/v2\/pages\/13"}],"wp:attachment":[{"href":"https:\/\/eks-solar.de\/eks-update\/wp-json\/wp\/v2\/media?parent=1460"}],"curies":[{"name":"wp","href":"https:\/\/api.w.org\/{rel}","templated":true}]}}