{"id":1526,"date":"2025-12-12T13:07:01","date_gmt":"2025-12-12T12:07:01","guid":{"rendered":"https:\/\/eks-solar.de\/eks-update\/?page_id=1526"},"modified":"2026-04-09T11:10:48","modified_gmt":"2026-04-09T09:10:48","slug":"fuer-gewerbekunden","status":"publish","type":"page","link":"https:\/\/eks-solar.de\/eks-update\/unternehmen\/fuer-gewerbekunden\/","title":{"rendered":"F\u00fcr Gewerbekunden"},"content":{"rendered":"<div class=\"wpb-content-wrapper\"><p>[vc_row full_width=&#8220;stretch_row_content_no_spaces&#8220;][vc_column]<div class=\"sc_parallax sc_parallax_reverse_no\" style=\"color:#ffffff;background-color:#1069B9;\" data-parallax-speed=\"0.3\" data-parallax-x-pos=\"50%\" data-parallax-y-pos=\"50%\"><div class=\"sc_parallax_content\" style=\"background-image:url(https:\/\/eks-solar.de\/eks-update\/wp-content\/uploads\/2025\/08\/BG-Page-Title-PV-Module.jpg); background-position:50% 50%;\"><div class=\"sc_content content_wrap\">[vc_column_text css=&#8220;&#8220;]<\/p>\n<h1 class=\"pageTitle\">F\u00fcr Gewerbekunden<\/h1>\n<p>[\/vc_column_text]<\/div><\/div><\/div>[\/vc_column][\/vc_row][vc_row full_width=&#8220;stretch_row&#8220; gap=&#8220;35&#8243; css=&#8220;.vc_custom_1775720015428{margin-top: 3.5em !important;}&#8220; el_class=&#8220;contentBlock2&#8243;][vc_column]<div class=\"sc_content content_wrap scheme_original\"><div class=\"columns_wrap sc_columns columns_nofluid nodark_section_columns sc_columns_count_2 twoColumn\" style=\"````\"><div class=\"column-1_2 sc_column_item sc_column_item_1 odd first\">[vc_column_text css=&#8220;&#8220;]<\/p>\n<h2 class=\"bigCap\"><strong>Strategisch vorteilhaft<\/strong><\/h2>\n<blockquote><p>\u201eProduzieren Sie Ihren eigenen Strom f\u00fcr Ihr Unternehmen und werden so unabh\u00e4ngiger vom Strompreis.\u201c<\/p><\/blockquote>\n<p>[\/vc_column_text][vc_empty_space height=&#8220;35px&#8220;][vc_column_text css=&#8220;&#8220;]Eine Photovoltaikanlage ist f\u00fcr Unternehmen <strong>\u00f6konomisch sinnvoll, \u00f6kologisch notwendig und strategisch vorteilhaft<\/strong>. Sie senkt Kosten, erh\u00f6ht Unabh\u00e4ngigkeit, verbessert die Klimabilanz und st\u00e4rkt das Unternehmensimage. Damit wird PV nicht nur zur Energiequelle, sondern zu einem echten <strong>Wettbewerbsvorteil<\/strong>.<\/p>\n<p><strong>Kurz gesagt:<\/strong> Eine Photovoltaikanlage bietet Unternehmen erhebliche <strong>Kostenersparnisse<\/strong>, mehr <strong>Unabh\u00e4ngigkeit von Strompreisen<\/strong> und st\u00e4rkt zugleich ihre <strong>Nachhaltigkeit und Wettbewerbsf\u00e4higkeit<\/strong>.[\/vc_column_text]<\/div><div class=\"column-1_2 sc_column_item sc_column_item_2 even\">[vc_empty_space height=&#8220;35px&#8220;][vc_column_text css=&#8220;.vc_custom_1765540675741{margin-left: 30px !important;}&#8220;]<strong><u>Praxisbeispiel 1: Gewerbliche PV Anlage &#8211; Eigenverbrauch<\/u><\/strong><\/p>\n<p>Anlagengr\u00f6\u00dfe: \u00a0149,5 kWp<br \/>\n(Inbetriebnahme: Oktober 2022)<br \/>\nGesamterzeugung: 144,151 MWh<br \/>\nEigenverbrauch: 46,733 MWh<br \/>\nEigenverbrauchsquote: 32%<\/p>\n<p><strong><u>Praxisbeispiel 2: Gewerbliche PV Anlage &#8211; Eigenverbrauch<\/u><\/strong><\/p>\n<p>Anlagengr\u00f6\u00dfe: 500 kWp<br \/>\n(Inbetriebnahme: August 2024)<br \/>\nGesamterzeugung: 464,277 MWh<br \/>\nEigenverbrauch: 271,679 MWh<br \/>\nEigenverbrauchsquote: 59%[\/vc_column_text]<\/div><\/div><\/div>[\/vc_column][\/vc_row][vc_row full_width=&#8220;stretch_row&#8220; gap=&#8220;30&#8243; css=&#8220;.vc_custom_1775720182015{margin-top: 1em !important;}&#8220; el_class=&#8220;contentBlock2&#8243;][vc_column]<div class=\"sc_content content_wrap scheme_original\"><div class=\"columns_wrap sc_columns columns_nofluid nodark_section_columns sc_columns_count_2 twoColumn\" style=\"````\"><div class=\"column-1_2 sc_column_item sc_column_item_1 odd first\">[vc_column_text css=&#8220;&#8220;]<\/p>\n<h3 class=\"medCap\"><strong>Wirtschaftliche Vorteile<\/strong><\/h3>\n<ul>\n<li><strong>Wegfall der Netzentgelte: <\/strong>Beim Eigenverbrauch des erzeugten Stroms entfallen die Netznutzungsentgelte, die bis zu einem Viertel der Stromkosten ausmachen.<\/li>\n<li><strong>Reduzierte Stromsteuer:<\/strong> F\u00fcr eigenproduzierten Strom durch eine PV-Anlage fallen f\u00fcr Firmen deutlich geringere Steuern an.<\/li>\n<li><strong>Abschreibungen<\/strong>: Die Investitionskosten f\u00fcr Ihre PV-Anlage k\u00f6nnen Sie als Unternehmen steuerlich geltend machen.<\/li>\n<li><strong>Vorsteuerabzug<\/strong>: Vorsteuerabzugsberechtigte Unternehmen k\u00f6nnen die Mehrwertsteuer der Anschaffungskosten f\u00fcr die Photovoltaikanlage zur\u00fcckerhalten.<\/li>\n<li><strong>Zus\u00e4tzliche Einnahmen:<\/strong> \u00dcbersch\u00fcssiger Strom aus der Solaranlage f\u00fcr Gewerbe wird verg\u00fctet.<\/li>\n<li><strong>Energieeffizienz steigern<\/strong>: Durch die Integration in Ihr Energiemanagementsystem optimieren Sie den Eigenverbrauch und reduzieren Lastspitzen.<\/li>\n<li><strong>Attraktive Rendite:<\/strong> Gewerbliche PV-Anlagen amortisieren sich meist nach 5\u20138 Jahren und bieten Renditen von 3\u20135 % \u00fcber 25+ Jahre<\/li>\n<li><strong>Wertsteigerung der Immobilie:<\/strong> Geb\u00e4ude mit PV-Anlagen gelten als moderner und nachhaltiger, was den Marktwert steigern kann.<\/li>\n<\/ul>\n<p>[\/vc_column_text]<\/div><div class=\"column-1_2 sc_column_item sc_column_item_2 even\">[vc_column_text css=&#8220;.vc_custom_1775725836985{margin-left: 30px !important;}&#8220;]<\/p>\n<h3 class=\"medCap\"><strong>Strategische Vorteile<\/strong><\/h3>\n<ul>\n<li><strong>Unabh\u00e4ngigkeit vom Energiemarkt:<\/strong> Unternehmen machen sich weniger abh\u00e4ngig von schwankenden Strompreisen und unsicheren M\u00e4rkten<\/li>\n<li><strong>Versorgungssicherheit:<\/strong> Eigene Stromproduktion erh\u00f6ht die Resilienz gegen\u00fcber Energiekrisen oder Netzschwankungen<\/li>\n<li><strong>Planbare Energiekosten:<\/strong> Langfristige Stabilit\u00e4t erleichtert die Finanzplanung und reduziert Risiken.<\/li>\n<\/ul>\n<h3 class=\"medCap\"><strong>\u00d6kologische Vorteile<\/strong><\/h3>\n<ul>\n<li><strong>CO\u2082-Reduktion:<\/strong> PV-Anlagen verbessern die Klimabilanz und helfen, regulatorische Vorgaben zu erf\u00fcllen<\/li>\n<li><strong>Beitrag zur Energiewende:<\/strong> Unternehmen leisten aktiv einen Beitrag zur nachhaltigen Stromversorgung und st\u00e4rken ihr Image als verantwortungsbewusste Marktakteure<\/li>\n<li><strong>Nachhaltige Positionierung: <\/strong>Kunden und Gesch\u00e4ftspartner erwarten zunehmend gr\u00fcne L\u00f6sungen \u2013 PV st\u00e4rkt die Wettbewerbsf\u00e4higkeit und das Markenimage<\/li>\n<\/ul>\n<p>[\/vc_column_text]<\/div><\/div><\/div>[vc_empty_space height=&#8220;2em&#8220;][\/vc_column][\/vc_row][vc_row content_placement=&#8220;middle&#8220; el_class=&#8220;call2Action&#8220;][vc_column]<div class=\"sc_content content_wrap\" style=\"margin-top:2em !important;margin-bottom:4em !important;\">[vc_empty_space height=&#8220;1.2em&#8220;]<h3 class=\"sc_title sc_title_regular sc_align_left styling2\" style=\"margin-bottom:0.2em;margin-left:40px;text-align:left;\">Starten Sie jetzt mit uns die Planung Ihrer PV-Anlage<\/h3>[vc_column_text css=&#8220;.vc_custom_1765539644641{margin-left: 40px !important;}&#8220;]Industrie- und Gewerbebetriebe haben individuelle, spezifische Anforderungen an eine Photovoltaikanlage. Wir beraten Sie gerne und realisieren mit Ihnen die f\u00fcr Ihr Unternehmen optimierte L\u00f6sung.[\/vc_column_text]<\/div><div class=\"columns_wrap sc_columns columns_nofluid nodark_section_columns sc_columns_count_2\" style=\"````margin-right:40px;margin-left:40px;\"><div class=\"column-1_2 sc_column_item sc_column_item_1 odd first\">[vc_column_text css=&#8220;&#8220;]<\/p>\n<h6 style=\"text-align: left;\">Senden Sie uns einfach eine kurze Beschreibung Ihres Vorhabens oder soweit vorhanden einige Angaben zur gew\u00fcnschten Anlage. Dann legen wir los&#8230;<\/h6>\n<p>[\/vc_column_text][vc_empty_space height=&#8220;20px&#8220;]<\/div><div class=\"column-1_2 sc_column_item sc_column_item_2 even\">[vc_column_text css=&#8220;&#8220;]<div role=\"form\" class=\"wpcf7\" id=\"wpcf7-f988-o1\" lang=\"de-DE\" dir=\"ltr\">\n<div class=\"screen-reader-response\"><p role=\"status\" aria-live=\"polite\" aria-atomic=\"true\"><\/p> <ul><\/ul><\/div>\n<form action=\"\/eks-update\/wp-json\/wp\/v2\/pages\/1526#wpcf7-f988-o1\" method=\"post\" class=\"wpcf7-form init\" novalidate=\"novalidate\" data-status=\"init\">\n<div style=\"display: none;\">\n<input type=\"hidden\" name=\"_wpcf7\" value=\"988\" \/>\n<input type=\"hidden\" name=\"_wpcf7_version\" value=\"5.6.4\" \/>\n<input type=\"hidden\" name=\"_wpcf7_locale\" value=\"de_DE\" \/>\n<input type=\"hidden\" name=\"_wpcf7_unit_tag\" value=\"wpcf7-f988-o1\" \/>\n<input type=\"hidden\" name=\"_wpcf7_container_post\" value=\"0\" \/>\n<input type=\"hidden\" name=\"_wpcf7_posted_data_hash\" value=\"\" \/>\n<\/div>\n<span class=\"wpcf7-form-control-wrap\" data-name=\"your-name\"><input type=\"text\" name=\"your-name\" value=\"\" size=\"40\" class=\"wpcf7-form-control wpcf7-text wpcf7-validates-as-required\" aria-required=\"true\" aria-invalid=\"false\" placeholder=\"Ihr Name*\" \/><\/span>\n\n<span class=\"wpcf7-form-control-wrap\" data-name=\"your-email\"><input type=\"email\" name=\"your-email\" value=\"\" size=\"40\" class=\"wpcf7-form-control wpcf7-text wpcf7-email wpcf7-validates-as-required wpcf7-validates-as-email\" aria-required=\"true\" aria-invalid=\"false\" placeholder=\"E-Mail-Adresse*\" \/><\/span>\n\n<span class=\"wpcf7-form-control-wrap\" data-name=\"tel-696\"><input type=\"text\" name=\"tel-696\" value=\"\" size=\"40\" class=\"wpcf7-form-control wpcf7-text\" aria-invalid=\"false\" placeholder=\"Telefon (optional)\" \/><\/span>\n\n<div style=\"height: 10px;\"><!-- Spacer --><\/div>\n\n<label> Ihre Anfrage\n    <span class=\"wpcf7-form-control-wrap\" data-name=\"your-message\"><textarea name=\"your-message\" cols=\"40\" rows=\"7\" class=\"wpcf7-form-control wpcf7-textarea\" aria-invalid=\"false\" placeholder=\"Beschreiben Sie hier die Eckdaten Ihrer Anlage...\"><\/textarea><\/span> <\/label>\n\n<span id=\"wpcf7-69e48de40ca87-wrapper\" class=\"wpcf7-form-control-wrap general-123-wrap\" ><label for=\"wpcf7-69e48de40ca87-field\" class=\"hp-message\">Bitte lasse dieses Feld leer.<\/label><input id=\"wpcf7-69e48de40ca87-field\"  class=\"wpcf7-form-control wpcf7-text\" type=\"text\" name=\"general-123\" value=\"\" size=\"40\" tabindex=\"-1\" autocomplete=\"new-password\" \/><\/span>\n\n<span class=\"wpcf7-form-control-wrap\" data-name=\"dsgvo-consent\"><span class=\"wpcf7-form-control wpcf7-acceptance\"><span class=\"wpcf7-list-item\"><label><input type=\"checkbox\" name=\"dsgvo-consent\" value=\"1\" aria-invalid=\"false\" \/><span class=\"wpcf7-list-item-label\">Ich akzeptiere die <a href=\"https:\/\/eks-solar.de\/eks-update\/datenschutzerklaerung\/\" rel=\"nofollow\">Datenschutzerkl\u00e4rung<\/a>.<\/span><\/label><\/span><\/span><\/span> \n\n<input type=\"submit\" value=\"Anfrage senden\" class=\"wpcf7-form-control has-spinner wpcf7-submit\" \/><div class=\"wpcf7-response-output\" aria-hidden=\"true\"><\/div><\/form><\/div>[\/vc_column_text][vc_empty_space height=&#8220;20px&#8220;]<\/div><\/div>[vc_empty_space height=&#8220;2em&#8220;][\/vc_column][\/vc_row]<\/p>\n<\/div>","protected":false},"excerpt":{"rendered":"<p>[vc_row full_width=&#8220;stretch_row_content_no_spaces&#8220;][vc_column][\/vc_column][\/vc_row][vc_row full_width=&#8220;stretch_row&#8220; gap=&#8220;35&#8243; css=&#8220;.vc_custom_1775720015428{margin-top: 3.5em !important;}&#8220; el_class=&#8220;contentBlock2&#8243;][vc_column][\/vc_column][\/vc_row][vc_row full_width=&#8220;stretch_row&#8220; gap=&#8220;30&#8243; css=&#8220;.vc_custom_1775720182015{margin-top: 1em !important;}&#8220; el_class=&#8220;contentBlock2&#8243;][vc_column][vc_empty_space height=&#8220;2em&#8220;][\/vc_column][\/vc_row][vc_row content_placement=&#8220;middle&#8220; el_class=&#8220;call2Action&#8220;][vc_column][vc_empty_space height=&#8220;2em&#8220;][\/vc_column][\/vc_row]<\/p>\n","protected":false},"author":1,"featured_media":0,"parent":13,"menu_order":10,"comment_status":"open","ping_status":"closed","template":"","meta":{"footnotes":""},"class_list":["post-1526","page","type-page","status-publish","hentry"],"_links":{"self":[{"href":"https:\/\/eks-solar.de\/eks-update\/wp-json\/wp\/v2\/pages\/1526","targetHints":{"allow":["GET"]}}],"collection":[{"href":"https:\/\/eks-solar.de\/eks-update\/wp-json\/wp\/v2\/pages"}],"about":[{"href":"https:\/\/eks-solar.de\/eks-update\/wp-json\/wp\/v2\/types\/page"}],"author":[{"embeddable":true,"href":"https:\/\/eks-solar.de\/eks-update\/wp-json\/wp\/v2\/users\/1"}],"replies":[{"embeddable":true,"href":"https:\/\/eks-solar.de\/eks-update\/wp-json\/wp\/v2\/comments?post=1526"}],"version-history":[{"count":33,"href":"https:\/\/eks-solar.de\/eks-update\/wp-json\/wp\/v2\/pages\/1526\/revisions"}],"predecessor-version":[{"id":2356,"href":"https:\/\/eks-solar.de\/eks-update\/wp-json\/wp\/v2\/pages\/1526\/revisions\/2356"}],"up":[{"embeddable":true,"href":"https:\/\/eks-solar.de\/eks-update\/wp-json\/wp\/v2\/pages\/13"}],"wp:attachment":[{"href":"https:\/\/eks-solar.de\/eks-update\/wp-json\/wp\/v2\/media?parent=1526"}],"curies":[{"name":"wp","href":"https:\/\/api.w.org\/{rel}","templated":true}]}}