{"id":1945,"date":"2026-01-15T11:47:57","date_gmt":"2026-01-15T10:47:57","guid":{"rendered":"https:\/\/eks-solar.de\/eks-update\/?page_id=1945"},"modified":"2026-04-09T11:09:03","modified_gmt":"2026-04-09T09:09:03","slug":"fuer-privatkunden","status":"publish","type":"page","link":"https:\/\/eks-solar.de\/eks-update\/unternehmen\/fuer-privatkunden\/","title":{"rendered":"F\u00fcr Privatkunden"},"content":{"rendered":"<div class=\"wpb-content-wrapper\"><p>[vc_row full_width=&#8220;stretch_row_content_no_spaces&#8220;][vc_column]<div class=\"sc_parallax sc_parallax_reverse_no\" style=\"color:#ffffff;background-color:#1069B9;\" data-parallax-speed=\"0.3\" data-parallax-x-pos=\"50%\" data-parallax-y-pos=\"50%\"><div class=\"sc_parallax_content\" style=\"background-image:url(https:\/\/eks-solar.de\/eks-update\/wp-content\/uploads\/2025\/08\/BG-Page-Title-PV-Module.jpg); background-position:50% 50%;\"><div class=\"sc_content content_wrap\">[vc_column_text css=&#8220;&#8220;]<\/p>\n<h1 class=\"pageTitle\">F\u00fcr Privathaushalte<\/h1>\n<p>[\/vc_column_text]<\/div><\/div><\/div>[\/vc_column][\/vc_row][vc_row full_width=&#8220;stretch_row&#8220; gap=&#8220;35&#8243; css=&#8220;.vc_custom_1775720243141{margin-top: 3.5em !important;}&#8220; el_class=&#8220;contentBlock2&#8243;][vc_column]<div class=\"sc_content content_wrap scheme_original\"><div class=\"columns_wrap sc_columns columns_nofluid nodark_section_columns sc_columns_count_2 twoColumn\" style=\"````\"><div class=\"column-1_2 sc_column_item sc_column_item_1 odd first\">[vc_column_text css=&#8220;.vc_custom_1775725713149{padding-right: 20px !important;}&#8220;]<\/p>\n<h2 class=\"bigCap\"><strong>Sie werden begeistert sein<\/strong><\/h2>\n<blockquote><p>\u201eMachen Sie sich unabh\u00e4ngig von Ihrem Stromanbieter und bestimmen Sie Ihren Strompreis selbst.\u201c<\/p><\/blockquote>\n<p>[\/vc_column_text][vc_empty_space height=&#8220;35px&#8220;][vc_column_text css=&#8220;.vc_custom_1768472590106{padding-right: 20px !important;}&#8220;]Selbst Strom erzeugen mit einer eigenen Photovoltaikanlage \u2013 es gibt kaum eine sinnvollere Investition in die Zukunft, denn die Strompreise am Markt steigen laufend. Eine eigene PV-Anlage macht Sie ein gro\u00dfes St\u00fcck unabh\u00e4ngiger.<\/p>\n<p>Und so funktioniert das:<br \/>\nIhre Solarmodule erzeugen tags\u00fcber Energie, die in Haushaltsstrom umgewandelt wird und sofort zur Verf\u00fcgung steht. \u00dcbersch\u00fcssige Energie kann zus\u00e4tzlich in einem Stromspeicher gespeichert oder in das \u00f6ffentliche Stromnetz eingespeist werden. Daf\u00fcr bekommen Sie Geld von Ihrem Stromversorger. Sollte der eigene Strom einmal nicht ganz f\u00fcr den Tagesverbrauch ausreichen, beziehen Sie diesen aus dem Netz. Wir empfehlen Anlagen mit einer m\u00f6glichst hohen Eigenverbauchsquote, damit es sich maximal f\u00fcr Sie lohnt.[\/vc_column_text]<\/div><div class=\"column-1_2 sc_column_item sc_column_item_2 even\">[vc_empty_space height=&#8220;35px&#8220;]<figure class=\"sc_image  sc_image_shape_square\"><img decoding=\"async\" src=\"https:\/\/eks-solar.de\/eks-update\/wp-content\/uploads\/2026\/01\/Teaser-Image-Privatkunden-PV.jpg\" alt=\"\" \/><\/figure><\/div><\/div><\/div>[vc_empty_space height=&#8220;2em&#8220;][\/vc_column][\/vc_row][vc_row full_width=&#8220;stretch_row&#8220; gap=&#8220;35&#8243; css=&#8220;.vc_custom_1768474071967{margin-top: 1em !important;}&#8220; el_class=&#8220;contentBlock2&#8243;][vc_column]<div class=\"sc_content content_wrap scheme_original\"><div class=\"columns_wrap sc_columns columns_nofluid nodark_section_columns sc_columns_count_2 twoColumn\" style=\"````\"><div class=\"column-1_2 sc_column_item sc_column_item_1 odd first\"><figure class=\"sc_image  sc_image_shape_square\"><img decoding=\"async\" src=\"https:\/\/eks-solar.de\/eks-update\/wp-content\/uploads\/2026\/01\/Teaser-Image-PV-Anlage-Privat-03.jpg\" alt=\"\" \/><\/figure><\/div><div class=\"column-1_2 sc_column_item sc_column_item_2 even\">[vc_column_text css=&#8220;.vc_custom_1775725736689{margin-left: 30px !important;}&#8220;]<\/p>\n<h3 class=\"medCap\"><strong>Ihre Vorteile<\/strong><\/h3>\n<ul>\n<li><strong>Kostenersparnis:<\/strong> Selbst erzeugter Strom ist deutlich g\u00fcnstiger als Netzstrom.<\/li>\n<li><strong>Unabh\u00e4ngigkeit:<\/strong> Weniger Abh\u00e4ngigkeit von steigenden Strompreisen und Energieversorgern.<\/li>\n<li><strong>Umweltfreundlichkeit:<\/strong> Solarstrom reduziert den CO\u2082-Aussto\u00df im Vergleich zu fossilen Energietr\u00e4gern.<\/li>\n<li><strong>Wirtschaftlichkeit: Mit einer eigenverbrauchs\u00adoptimierten PV-Anlage erzielen Sie maximale Ertr\u00e4ge.<\/strong><\/li>\n<\/ul>\n<p>[\/vc_column_text]<\/div><\/div><\/div>[vc_empty_space height=&#8220;2em&#8220;][\/vc_column][\/vc_row][vc_row content_placement=&#8220;middle&#8220; el_class=&#8220;call2Action&#8220;][vc_column]<div class=\"sc_content content_wrap\" style=\"margin-top:2em !important;margin-bottom:4em !important;\">[vc_empty_space height=&#8220;1.2em&#8220;]<h3 class=\"sc_title sc_title_regular sc_align_left styling2\" style=\"margin-bottom:0.2em;margin-left:40px;text-align:left;\">Starten Sie jetzt mit uns die Planung Ihrer PV-Anlage<\/h3>[vc_column_text css=&#8220;.vc_custom_1768472897832{margin-left: 40px !important;}&#8220;]Sie haben mit Ihrem Eigenheim individuelle, spezifische Anforderungen an eine Photovoltaikanlage. Wir nehmen uns f\u00fcr Sie Zeit, um alle wichtigen Fragen zu beantworten und beraten und entwickeln mit Ihnen das optimale Konzept f\u00fcr Ihr privates &#8222;Solarkraftwerk&#8220;.[\/vc_column_text]<\/div><div class=\"columns_wrap sc_columns columns_nofluid nodark_section_columns sc_columns_count_2\" style=\"````margin-right:40px;margin-left:40px;\"><div class=\"column-1_2 sc_column_item sc_column_item_1 odd first\">[vc_column_text css=&#8220;&#8220;]<\/p>\n<h6 style=\"text-align: left;\">Senden Sie uns einfach eine kurze Beschreibung Ihres Vorhabens oder soweit vorhanden einige Angaben zur gew\u00fcnschten Anlage. Dann legen wir los&#8230;<\/h6>\n<p>[\/vc_column_text][vc_empty_space height=&#8220;20px&#8220;]<\/div><div class=\"column-1_2 sc_column_item sc_column_item_2 even\">[vc_column_text css=&#8220;&#8220;]<div role=\"form\" class=\"wpcf7\" id=\"wpcf7-f988-o1\" lang=\"de-DE\" dir=\"ltr\">\n<div class=\"screen-reader-response\"><p role=\"status\" aria-live=\"polite\" aria-atomic=\"true\"><\/p> <ul><\/ul><\/div>\n<form action=\"\/eks-update\/wp-json\/wp\/v2\/pages\/1945#wpcf7-f988-o1\" method=\"post\" class=\"wpcf7-form init\" novalidate=\"novalidate\" data-status=\"init\">\n<div style=\"display: none;\">\n<input type=\"hidden\" name=\"_wpcf7\" value=\"988\" \/>\n<input type=\"hidden\" name=\"_wpcf7_version\" value=\"5.6.4\" \/>\n<input type=\"hidden\" name=\"_wpcf7_locale\" value=\"de_DE\" \/>\n<input type=\"hidden\" name=\"_wpcf7_unit_tag\" value=\"wpcf7-f988-o1\" \/>\n<input type=\"hidden\" name=\"_wpcf7_container_post\" value=\"0\" \/>\n<input type=\"hidden\" name=\"_wpcf7_posted_data_hash\" value=\"\" \/>\n<\/div>\n<span class=\"wpcf7-form-control-wrap\" data-name=\"your-name\"><input type=\"text\" name=\"your-name\" value=\"\" size=\"40\" class=\"wpcf7-form-control wpcf7-text wpcf7-validates-as-required\" aria-required=\"true\" aria-invalid=\"false\" placeholder=\"Ihr Name*\" \/><\/span>\n\n<span class=\"wpcf7-form-control-wrap\" data-name=\"your-email\"><input type=\"email\" name=\"your-email\" value=\"\" size=\"40\" class=\"wpcf7-form-control wpcf7-text wpcf7-email wpcf7-validates-as-required wpcf7-validates-as-email\" aria-required=\"true\" aria-invalid=\"false\" placeholder=\"E-Mail-Adresse*\" \/><\/span>\n\n<span class=\"wpcf7-form-control-wrap\" data-name=\"tel-696\"><input type=\"text\" name=\"tel-696\" value=\"\" size=\"40\" class=\"wpcf7-form-control wpcf7-text\" aria-invalid=\"false\" placeholder=\"Telefon (optional)\" \/><\/span>\n\n<div style=\"height: 10px;\"><!-- Spacer --><\/div>\n\n<label> Ihre Anfrage\n    <span class=\"wpcf7-form-control-wrap\" data-name=\"your-message\"><textarea name=\"your-message\" cols=\"40\" rows=\"7\" class=\"wpcf7-form-control wpcf7-textarea\" aria-invalid=\"false\" placeholder=\"Beschreiben Sie hier die Eckdaten Ihrer Anlage...\"><\/textarea><\/span> <\/label>\n\n<span id=\"wpcf7-69e74282f234d-wrapper\" class=\"wpcf7-form-control-wrap general-123-wrap\" ><label for=\"wpcf7-69e74282f234d-field\" class=\"hp-message\">Bitte lasse dieses Feld leer.<\/label><input id=\"wpcf7-69e74282f234d-field\"  class=\"wpcf7-form-control wpcf7-text\" type=\"text\" name=\"general-123\" value=\"\" size=\"40\" tabindex=\"-1\" autocomplete=\"new-password\" \/><\/span>\n\n<span class=\"wpcf7-form-control-wrap\" data-name=\"dsgvo-consent\"><span class=\"wpcf7-form-control wpcf7-acceptance\"><span class=\"wpcf7-list-item\"><label><input type=\"checkbox\" name=\"dsgvo-consent\" value=\"1\" aria-invalid=\"false\" \/><span class=\"wpcf7-list-item-label\">Ich akzeptiere die <a href=\"https:\/\/eks-solar.de\/eks-update\/datenschutzerklaerung\/\" rel=\"nofollow\">Datenschutzerkl\u00e4rung<\/a>.<\/span><\/label><\/span><\/span><\/span> \n\n<input type=\"submit\" value=\"Anfrage senden\" class=\"wpcf7-form-control has-spinner wpcf7-submit\" \/><div class=\"wpcf7-response-output\" aria-hidden=\"true\"><\/div><\/form><\/div>[\/vc_column_text][vc_empty_space height=&#8220;20px&#8220;]<\/div><\/div>[vc_empty_space height=&#8220;2em&#8220;][\/vc_column][\/vc_row][vc_row disable_element=&#8220;yes&#8220; el_class=&#8220;hide-on-all&#8220;][vc_column]<div class=\"sc_content content_wrap\" style=\"margin-top:2em !important;margin-bottom:4em !important;\">[vc_empty_space height=&#8220;1.2em&#8220;]<h3 class=\"sc_title sc_title_regular sc_align_center styling2\" style=\"margin-bottom:0.2em;text-align:center;\">Das EKS Solartechnik TEAM<\/h3><\/div><div class=\"columns_wrap sc_columns columns_nofluid nodark_section_columns sc_columns_count_3\" style=\"margin-right:40px;margin-left:40px;\"><div class=\"column-1_3 sc_column_item sc_column_item_1 odd first\">[vc_column_text]<img decoding=\"async\" src=\"https:\/\/eks-solar.de\/eks-update\/wp-content\/uploads\/2018\/12\/eks-team-01.jpg\" alt=\"Harald Schmieg, Gesch\u00e4ftsf\u00fchrer\" width=\"100%\" \/><\/p>\n<h4 style=\"text-align: center;\">Harald Schmieg<\/h4>\n<p style=\"text-align: center;\">Gesch\u00e4ftsf\u00fchrer<\/p>\n<p>[\/vc_column_text][vc_empty_space height=&#8220;20px&#8220;]<\/div><div class=\"column-1_3 sc_column_item sc_column_item_2 even\">[vc_column_text]<img decoding=\"async\" src=\"https:\/\/eks-solar.de\/eks-update\/wp-content\/uploads\/2018\/12\/eks-team-02.jpg\" alt=\"Martin Heppner, Projektleiter\" width=\"100%\" \/><\/p>\n<h4 style=\"text-align: center;\">Martin Heppner<\/h4>\n<p style=\"text-align: center;\">Projektleiter<\/p>\n<p>[\/vc_column_text][vc_empty_space height=&#8220;20px&#8220;]<\/div><div class=\"column-1_3 sc_column_item sc_column_item_3 odd\">[vc_column_text]<img decoding=\"async\" src=\"https:\/\/eks-solar.de\/eks-update\/wp-content\/uploads\/2018\/12\/eks-team-03.jpg\" alt=\"Heidrun Fischer\" width=\"100%\" \/><\/p>\n<h4 style=\"text-align: center;\">Heidrun Fischer<\/h4>\n<p style=\"text-align: center;\">Assistenz der Gesch\u00e4ftsleitung<\/p>\n<p>[\/vc_column_text][vc_empty_space height=&#8220;20px&#8220;]<\/div><\/div>[vc_empty_space height=&#8220;2em&#8220;][\/vc_column][\/vc_row][vc_row][vc_column][\/vc_column][\/vc_row]<\/p>\n<\/div>","protected":false},"excerpt":{"rendered":"<p>[vc_row full_width=&#8220;stretch_row_content_no_spaces&#8220;][vc_column][\/vc_column][\/vc_row][vc_row full_width=&#8220;stretch_row&#8220; gap=&#8220;35&#8243; css=&#8220;.vc_custom_1775720243141{margin-top: 3.5em !important;}&#8220; el_class=&#8220;contentBlock2&#8243;][vc_column][vc_empty_space height=&#8220;2em&#8220;][\/vc_column][\/vc_row][vc_row full_width=&#8220;stretch_row&#8220; gap=&#8220;35&#8243; css=&#8220;.vc_custom_1768474071967{margin-top: 1em !important;}&#8220; el_class=&#8220;contentBlock2&#8243;][vc_column][vc_empty_space height=&#8220;2em&#8220;][\/vc_column][\/vc_row][vc_row content_placement=&#8220;middle&#8220; el_class=&#8220;call2Action&#8220;][vc_column][vc_empty_space height=&#8220;2em&#8220;][\/vc_column][\/vc_row][vc_row disable_element=&#8220;yes&#8220; el_class=&#8220;hide-on-all&#8220;][vc_column][vc_empty_space height=&#8220;2em&#8220;][\/vc_column][\/vc_row][vc_row][vc_column][\/vc_column][\/vc_row]<\/p>\n","protected":false},"author":1,"featured_media":0,"parent":13,"menu_order":20,"comment_status":"open","ping_status":"closed","template":"","meta":{"footnotes":""},"class_list":["post-1945","page","type-page","status-publish","hentry"],"_links":{"self":[{"href":"https:\/\/eks-solar.de\/eks-update\/wp-json\/wp\/v2\/pages\/1945","targetHints":{"allow":["GET"]}}],"collection":[{"href":"https:\/\/eks-solar.de\/eks-update\/wp-json\/wp\/v2\/pages"}],"about":[{"href":"https:\/\/eks-solar.de\/eks-update\/wp-json\/wp\/v2\/types\/page"}],"author":[{"embeddable":true,"href":"https:\/\/eks-solar.de\/eks-update\/wp-json\/wp\/v2\/users\/1"}],"replies":[{"embeddable":true,"href":"https:\/\/eks-solar.de\/eks-update\/wp-json\/wp\/v2\/comments?post=1945"}],"version-history":[{"count":13,"href":"https:\/\/eks-solar.de\/eks-update\/wp-json\/wp\/v2\/pages\/1945\/revisions"}],"predecessor-version":[{"id":2355,"href":"https:\/\/eks-solar.de\/eks-update\/wp-json\/wp\/v2\/pages\/1945\/revisions\/2355"}],"up":[{"embeddable":true,"href":"https:\/\/eks-solar.de\/eks-update\/wp-json\/wp\/v2\/pages\/13"}],"wp:attachment":[{"href":"https:\/\/eks-solar.de\/eks-update\/wp-json\/wp\/v2\/media?parent=1945"}],"curies":[{"name":"wp","href":"https:\/\/api.w.org\/{rel}","templated":true}]}}