{"id":274,"date":"2018-12-07T10:07:58","date_gmt":"2018-12-07T09:07:58","guid":{"rendered":"http:\/\/neu.eks-solar.de\/cms\/?page_id=274"},"modified":"2026-04-09T11:37:33","modified_gmt":"2026-04-09T09:37:33","slug":"wechselrichter","status":"publish","type":"page","link":"https:\/\/eks-solar.de\/eks-update\/wechselrichter\/","title":{"rendered":"Wechselrichter"},"content":{"rendered":"<div class=\"wpb-content-wrapper\"><p>[vc_row full_width=&#8220;stretch_row_content_no_spaces&#8220;][vc_column]<div class=\"sc_parallax sc_parallax_reverse_no\" style=\"color:#ffffff;background-color:#1069B9;\" data-parallax-speed=\"0.3\" data-parallax-x-pos=\"50%\" data-parallax-y-pos=\"50%\"><div class=\"sc_parallax_content\" style=\"background-image:url(https:\/\/eks-solar.de\/eks-update\/wp-content\/uploads\/2025\/08\/BG-Page-Title-PV-Module.jpg); background-position:50% 50%;\"><div class=\"sc_content content_wrap\">[vc_column_text]<\/p>\n<h1 class=\"pageTitle\">Wechselrichter<\/h1>\n<p>[\/vc_column_text]<\/div><\/div><\/div>[\/vc_column][\/vc_row][vc_row gap=&#8220;30&#8243; css=&#8220;.vc_custom_1775658552733{margin-top: 3.5em !important;margin-bottom: 2em !important;}&#8220;][vc_column width=&#8220;1\/2&#8243;][vc_column_text css=&#8220;.vc_custom_1775660756365{padding-right: 20px !important;}&#8220;]<\/p>\n<h2 class=\"bigCap\">Allgemeines \u00fcber Wechselrichter<\/h2>\n<p>Wechselrichter wandeln den von Photovoltaik-Anlagen erzeugten Gleichstrom in Wechselstrom um und speisen ihn in das \u00f6ffentliche Netz ein.<\/p>\n<p><strong>Dabei gilt:<\/strong> je h\u00f6her der Wirkungsgrad des Wechselrichters, desto h\u00f6her ist der Ertrag der gesamten Anlage.<\/p>\n<p>Daher setzen wir auch bei den Wechselrichtern sehr hohe Anforderungen an unsere Produktpartner. Auf diese Weise k\u00f6nnen Sie sicher sein, dass Sie das Maximum aus Ihrer Anlage heraus holen.<\/p>\n<p>Die Installation des Wechselrichters sollte in unmittelbarer N\u00e4he zur Photovoltaikanlage sein, da es durch lange Leitungen zu unn\u00f6tigen Verlusten kommt. Weiterhin sollte man darauf achten, dass der oder die Wechselrichter m\u00f6glichst gut bel\u00fcftet und ausreichend gek\u00fchlt werden.<\/p>\n<p>Aufgrund unserer Qualit\u00e4tsanspr\u00fcche und der langen Laufzeit von PV-Anlagen (&gt; 20 Jahre) verbauen wir in unseren Solaranlagen nur Qualit\u00e4tsprodukte von zuverl\u00e4ssigen Partnern.[\/vc_column_text][vc_empty_space height=&#8220;2em&#8220;][vc_column_text css=&#8220;.vc_custom_1754402385554{padding-top: 10px !important;padding-right: 20px !important;padding-bottom: 10px !important;padding-left: 20px !important;background-color: #F1F1F1 !important;}&#8220; el_class=&#8220;hinweisBox&#8220;]Hinweis: Die auf dieser Seite dargestellten Partner sind eine Auswahl verschiedener Hersteller, mit denen wir gute Erfahrungen gemacht haben.[\/vc_column_text][\/vc_column][vc_column width=&#8220;1\/2&#8243; el_class=&#8220;rightInfoCol&#8220;][vc_column_text css=&#8220;&#8220;]<\/p>\n<h3 class=\"titleMargB20\">Unsere Partner<\/h3>\n<p><a href=\"https:\/\/www.sma.de\/produkte\/solar-wechselrichter\" target=\"_blank\" rel=\"nofollow noopener\"><img decoding=\"async\" class=\"logoIMG\" src=\"https:\/\/eks-solar.de\/eks-update\/wp-content\/uploads\/2018\/12\/Logo-SMA.jpg\" alt=\"Logo SMA\" width=\"90\" \/><\/a> <!-- <a href=\"https:\/\/www.kostal-solar-electric.com\/de\/produkte\/\" target=\"_blank\" rel=\"nofollow noopener\"><img decoding=\"async\" class=\"logoIMG\" src=\"https:\/\/eks-solar.de\/eks-update\/wp-content\/uploads\/2018\/12\/Logo-Kostal.jpg\" alt=\"Logo Kostal\" width=\"180\" \/><\/a> <a href=\"https:\/\/new.abb.com\/power-converters-inverters\/de\" target=\"_blank\" rel=\"nofollow noopener\"><img decoding=\"async\" class=\"logoIMG\" style=\"padding-top: 5px;\" src=\"https:\/\/eks-solar.de\/eks-update\/wp-content\/uploads\/2018\/12\/ABB.jpg\" alt=\"Logo ABB\" width=\"140\" \/><\/a>--> <a href=\"https:\/\/solar.huawei.com\/ch\/\" target=\"_blank\" rel=\"noopener noreferrer\"><img decoding=\"async\" class=\"logoIMG\" style=\"padding-top: 3px;\" src=\"https:\/\/eks-solar.de\/eks-update\/wp-content\/uploads\/2026\/04\/Logo-Huawei.jpg\" alt=\"Logo Huawei\" width=\"160\" \/><\/a> <a href=\"https:\/\/de.goodwe.com\/products\" target=\"_blank\" rel=\"noopener noreferrer\"><img decoding=\"async\" class=\"alignnone logoIMG\" style=\"padding-top: 8px;\" src=\"https:\/\/eks-solar.de\/eks-update\/wp-content\/uploads\/2026\/04\/Goodwe-Logo-1.jpg\" alt=\"Logo Goodwe\" width=\"160\" \/><\/a> \u00a0<a href=\"https:\/\/kaco-newenergy.com\/de\/home\" target=\"_blank\" rel=\"noopener noreferrer\"><img decoding=\"async\" class=\"alignnone logoIMG\" style=\"padding-top: 10px;\" src=\"https:\/\/eks-solar.de\/eks-update\/wp-content\/uploads\/2026\/04\/Logo-Kaco.jpg\" alt=\"Logo Kaco New Energy\" width=\"160\" \/><\/a>[\/vc_column_text][vc_column_text css=&#8220;.vc_custom_1544193991714{padding-top: 2em !important;padding-bottom: 3em !important;}&#8220;]Kontaktieren Sie uns gerne, wenn Sie weitere Informationen zum Thema Wechselrichter und die von uns eingesetzten Produkte w\u00fcnschen&#8230;[\/vc_column_text]<div role=\"form\" class=\"wpcf7\" id=\"wpcf7-f271-o1\" lang=\"de-DE\" dir=\"ltr\">\n<div class=\"screen-reader-response\"><p role=\"status\" aria-live=\"polite\" aria-atomic=\"true\"><\/p> <ul><\/ul><\/div>\n<form action=\"\/eks-update\/wp-json\/wp\/v2\/pages\/274#wpcf7-f271-o1\" method=\"post\" class=\"wpcf7-form init\" novalidate=\"novalidate\" data-status=\"init\">\n<div style=\"display: none;\">\n<input type=\"hidden\" name=\"_wpcf7\" value=\"271\" \/>\n<input type=\"hidden\" name=\"_wpcf7_version\" value=\"5.6.4\" \/>\n<input type=\"hidden\" name=\"_wpcf7_locale\" value=\"de_DE\" \/>\n<input type=\"hidden\" name=\"_wpcf7_unit_tag\" value=\"wpcf7-f271-o1\" \/>\n<input type=\"hidden\" name=\"_wpcf7_container_post\" value=\"0\" \/>\n<input type=\"hidden\" name=\"_wpcf7_posted_data_hash\" value=\"\" \/>\n<\/div>\n<span class=\"wpcf7-form-control-wrap\" data-name=\"your-name\"><input type=\"text\" name=\"your-name\" value=\"\" size=\"40\" class=\"wpcf7-form-control wpcf7-text wpcf7-validates-as-required\" aria-required=\"true\" aria-invalid=\"false\" placeholder=\"Ihr Name*\" \/><\/span>\n\n<span class=\"wpcf7-form-control-wrap\" data-name=\"your-email\"><input type=\"email\" name=\"your-email\" value=\"\" size=\"40\" class=\"wpcf7-form-control wpcf7-text wpcf7-email wpcf7-validates-as-required wpcf7-validates-as-email\" aria-required=\"true\" aria-invalid=\"false\" placeholder=\"E-Mail-Adresse*\" \/><\/span>\n\n<span class=\"wpcf7-form-control-wrap\" data-name=\"tel-696\"><input type=\"text\" name=\"tel-696\" value=\"\" size=\"40\" class=\"wpcf7-form-control wpcf7-text\" aria-invalid=\"false\" placeholder=\"Telefon (optional)\" \/><\/span>\n\n<div style=\"height: 10px;\"><!-- Spacer --><\/div>\nIhre Nachricht an uns\n<span class=\"wpcf7-form-control-wrap\" data-name=\"your-message\"><textarea name=\"your-message\" cols=\"40\" rows=\"7\" class=\"wpcf7-form-control wpcf7-textarea\" aria-invalid=\"false\"><\/textarea><\/span>\n\n<span id=\"wpcf7-69e4898629b44-wrapper\" class=\"wpcf7-form-control-wrap product-700-wrap\" ><label for=\"wpcf7-69e4898629b44-field\" class=\"hp-message\">Bitte lasse dieses Feld leer.<\/label><input id=\"wpcf7-69e4898629b44-field\"  class=\"wpcf7-form-control wpcf7-text\" type=\"text\" name=\"product-700\" value=\"\" size=\"40\" tabindex=\"-1\" autocomplete=\"new-password\" \/><\/span>\n\n<span class=\"wpcf7-form-control-wrap\" data-name=\"dsgvo-consent\"><span class=\"wpcf7-form-control wpcf7-acceptance\"><span class=\"wpcf7-list-item\"><label><input type=\"checkbox\" name=\"dsgvo-consent\" value=\"1\" aria-invalid=\"false\" \/><span class=\"wpcf7-list-item-label\">Ich akzeptiere die <a href=\"https:\/\/eks-solar.de\/eks-update\/datenschutzerklaerung\/\" rel=\"nofollow\">Datenschutzerkl\u00e4rung<\/a>.<\/span><\/label><\/span><\/span><\/span> \n\n<input type=\"submit\" value=\"Nachricht senden\" class=\"wpcf7-form-control has-spinner wpcf7-submit\" \/><div class=\"wpcf7-response-output\" aria-hidden=\"true\"><\/div><\/form><\/div>[\/vc_column][\/vc_row]<\/p>\n<\/div>","protected":false},"excerpt":{"rendered":"<p>[vc_row full_width=&#8220;stretch_row_content_no_spaces&#8220;][vc_column][\/vc_column][\/vc_row][vc_row gap=&#8220;30&#8243; css=&#8220;.vc_custom_1775658552733{margin-top: 3.5em !important;margin-bottom: 2em !important;}&#8220;][vc_column width=&#8220;1\/2&#8243;][vc_column_text css=&#8220;.vc_custom_1775660756365{padding-right: 20px !important;}&#8220;] Allgemeines \u00fcber Wechselrichter Wechselrichter wandeln den von Photovoltaik-Anlagen erzeugten Gleichstrom in Wechselstrom um und speisen ihn in das \u00f6ffentliche Netz ein. Dabei gilt: je h\u00f6her der Wirkungsgrad des Wechselrichters, desto h\u00f6her ist der Ertrag der gesamten Anlage. Daher setzen wir auch bei den [&hellip;]<\/p>\n","protected":false},"author":2,"featured_media":104,"parent":0,"menu_order":40,"comment_status":"open","ping_status":"closed","template":"","meta":{"footnotes":""},"class_list":["post-274","page","type-page","status-publish","has-post-thumbnail","hentry"],"_links":{"self":[{"href":"https:\/\/eks-solar.de\/eks-update\/wp-json\/wp\/v2\/pages\/274","targetHints":{"allow":["GET"]}}],"collection":[{"href":"https:\/\/eks-solar.de\/eks-update\/wp-json\/wp\/v2\/pages"}],"about":[{"href":"https:\/\/eks-solar.de\/eks-update\/wp-json\/wp\/v2\/types\/page"}],"author":[{"embeddable":true,"href":"https:\/\/eks-solar.de\/eks-update\/wp-json\/wp\/v2\/users\/2"}],"replies":[{"embeddable":true,"href":"https:\/\/eks-solar.de\/eks-update\/wp-json\/wp\/v2\/comments?post=274"}],"version-history":[{"count":44,"href":"https:\/\/eks-solar.de\/eks-update\/wp-json\/wp\/v2\/pages\/274\/revisions"}],"predecessor-version":[{"id":2366,"href":"https:\/\/eks-solar.de\/eks-update\/wp-json\/wp\/v2\/pages\/274\/revisions\/2366"}],"wp:featuredmedia":[{"embeddable":true,"href":"https:\/\/eks-solar.de\/eks-update\/wp-json\/wp\/v2\/media\/104"}],"wp:attachment":[{"href":"https:\/\/eks-solar.de\/eks-update\/wp-json\/wp\/v2\/media?parent=274"}],"curies":[{"name":"wp","href":"https:\/\/api.w.org\/{rel}","templated":true}]}}