{"id":289,"date":"2018-12-07T15:36:42","date_gmt":"2018-12-07T14:36:42","guid":{"rendered":"http:\/\/neu.eks-solar.de\/cms\/?page_id=289"},"modified":"2026-04-08T16:28:21","modified_gmt":"2026-04-08T14:28:21","slug":"unterkonstruktionen","status":"publish","type":"page","link":"https:\/\/eks-solar.de\/eks-update\/unterkonstruktionen\/","title":{"rendered":"Unterkonstruktionen"},"content":{"rendered":"<div class=\"wpb-content-wrapper\"><p>[vc_row full_width=&#8220;stretch_row_content_no_spaces&#8220;][vc_column]<div class=\"sc_parallax sc_parallax_reverse_no\" style=\"color:#ffffff;background-color:#1069B9;\" data-parallax-speed=\"0.3\" data-parallax-x-pos=\"50%\" data-parallax-y-pos=\"50%\"><div class=\"sc_parallax_content\" style=\"background-image:url(https:\/\/eks-solar.de\/eks-update\/wp-content\/uploads\/2025\/08\/BG-Page-Title-PV-Module.jpg); background-position:50% 50%;\"><div class=\"sc_content content_wrap\">[vc_column_text]<\/p>\n<h1 class=\"pageTitle\">Unterkonstruktionen<\/h1>\n<p>[\/vc_column_text]<\/div><\/div><\/div>[\/vc_column][\/vc_row][vc_row gap=&#8220;30&#8243; css=&#8220;.vc_custom_1775658499457{margin-top: 3.5em !important;}&#8220;][vc_column width=&#8220;1\/2&#8243;][vc_column_text css=&#8220;.vc_custom_1775657768339{padding-right: 20px !important;}&#8220;]<\/p>\n<h2 class=\"bigCap\">Unterkonstruktionen f\u00fcr die Montage von Solarmodulen<\/h2>\n<p>Zur Montage der Solarmodule auf D\u00e4chern und Fassaden sowie zur Aufstellung auf ebenerdigen Freifl\u00e4chen verwenden wir nur Systeme namhafter Hersteller solcher Unterkonstruktionen.<\/p>\n<p>Ein Beispiel hierf\u00fcr ist K2. Dieses deutsche Unternehmen kann umfangreiche Referenzen f\u00fcr die angebotenen Montagesysteme aufweisen.<\/p>\n<p>Diese Systeme haben sich bei dem Bau zahlreicher PV-Anlagen bew\u00e4hrt, sind montagetechnisch durchdacht und alle Komponenten sind statisch nach DIN1055 bzw. DIN18800 ausgelegt.<\/p>\n<p>Nat\u00fcrlich ist jede PV-Anlage anders und um die bestm\u00f6gliche und kosteng\u00fcnstigste Anlage zu bauen, ist eine sorgf\u00e4ltige Planung erforderlich.<\/p>\n<p>Die PV-Anlage sollte am Ende der Planung nicht nur ertragsoptimiert sein, sondern auch unter Ber\u00fccksichtigung der \u00f6rtlichen Gegebenheiten wie Dachaufbau, Bausubstanz und Montagesituation eine optimierte Unterkonstruktion zum Ergebnis haben.<\/p>\n<p><img loading=\"lazy\" decoding=\"async\" class=\"alignleft\" src=\"https:\/\/eks-solar.de\/eks-update\/wp-content\/uploads\/2018\/12\/pv-unterkonstruktion.jpg\" alt=\"Unterkonsrtuktion f\u00fcr PV-Module auf einem Hallendach\" width=\"600\" height=\"400\" \/><\/p>\n<p class=\"smallText\">Abb. Unterkonstruktion auf einem Hallendach<\/p>\n<p>Bei den langen Laufzeiten der PV-Anlagen ist eine solide und bew\u00e4hrte Unterkonstruktion entscheidend und ein nicht zu untersch\u00e4tzender Punkt um auch evtl. Sch\u00e4den vorzubeugen.[\/vc_column_text][vc_empty_space height=&#8220;2em&#8220;][\/vc_column][vc_column width=&#8220;1\/2&#8243; el_class=&#8220;rightInfoCol&#8220;][vc_column_text]<\/p>\n<h3 class=\"titleMargB20\">Unsere Partner<\/h3>\n<p><a href=\"https:\/\/k2-systems.com\/de\/produkte\" target=\"_blank\" rel=\"noopener\"><img decoding=\"async\" class=\"alignnone logoIMG\" src=\"https:\/\/eks-solar.de\/eks-update\/wp-content\/uploads\/2018\/12\/Logo-K2-Montagesysteme.jpg\" alt=\"\" width=\"200\" \/><\/a>[\/vc_column_text][vc_column_text css=&#8220;.vc_custom_1544193606741{padding-top: 2em !important;padding-bottom: 3em !important;}&#8220;]Kontaktieren Sie uns gerne, wenn Sie weitere Informationen zum Thema Unterkonstruktionen und Montage von PV-Anlagen w\u00fcnschen&#8230;[\/vc_column_text]<div role=\"form\" class=\"wpcf7\" id=\"wpcf7-f271-o1\" lang=\"de-DE\" dir=\"ltr\">\n<div class=\"screen-reader-response\"><p role=\"status\" aria-live=\"polite\" aria-atomic=\"true\"><\/p> <ul><\/ul><\/div>\n<form action=\"\/eks-update\/wp-json\/wp\/v2\/pages\/289#wpcf7-f271-o1\" method=\"post\" class=\"wpcf7-form init\" novalidate=\"novalidate\" data-status=\"init\">\n<div style=\"display: none;\">\n<input type=\"hidden\" name=\"_wpcf7\" value=\"271\" \/>\n<input type=\"hidden\" name=\"_wpcf7_version\" value=\"5.6.4\" \/>\n<input type=\"hidden\" name=\"_wpcf7_locale\" value=\"de_DE\" \/>\n<input type=\"hidden\" name=\"_wpcf7_unit_tag\" value=\"wpcf7-f271-o1\" \/>\n<input type=\"hidden\" name=\"_wpcf7_container_post\" value=\"0\" \/>\n<input type=\"hidden\" name=\"_wpcf7_posted_data_hash\" value=\"\" \/>\n<\/div>\n<span class=\"wpcf7-form-control-wrap\" data-name=\"your-name\"><input type=\"text\" name=\"your-name\" value=\"\" size=\"40\" class=\"wpcf7-form-control wpcf7-text wpcf7-validates-as-required\" aria-required=\"true\" aria-invalid=\"false\" placeholder=\"Ihr Name*\" \/><\/span>\n\n<span class=\"wpcf7-form-control-wrap\" data-name=\"your-email\"><input type=\"email\" name=\"your-email\" value=\"\" size=\"40\" class=\"wpcf7-form-control wpcf7-text wpcf7-email wpcf7-validates-as-required wpcf7-validates-as-email\" aria-required=\"true\" aria-invalid=\"false\" placeholder=\"E-Mail-Adresse*\" \/><\/span>\n\n<span class=\"wpcf7-form-control-wrap\" data-name=\"tel-696\"><input type=\"text\" name=\"tel-696\" value=\"\" size=\"40\" class=\"wpcf7-form-control wpcf7-text\" aria-invalid=\"false\" placeholder=\"Telefon (optional)\" \/><\/span>\n\n<div style=\"height: 10px;\"><!-- Spacer --><\/div>\nIhre Nachricht an uns\n<span class=\"wpcf7-form-control-wrap\" data-name=\"your-message\"><textarea name=\"your-message\" cols=\"40\" rows=\"7\" class=\"wpcf7-form-control wpcf7-textarea\" aria-invalid=\"false\"><\/textarea><\/span>\n\n<span id=\"wpcf7-69e57dd4bfbe0-wrapper\" class=\"wpcf7-form-control-wrap product-700-wrap\" ><label for=\"wpcf7-69e57dd4bfbe0-field\" class=\"hp-message\">Bitte lasse dieses Feld leer.<\/label><input id=\"wpcf7-69e57dd4bfbe0-field\"  class=\"wpcf7-form-control wpcf7-text\" type=\"text\" name=\"product-700\" value=\"\" size=\"40\" tabindex=\"-1\" autocomplete=\"new-password\" \/><\/span>\n\n<span class=\"wpcf7-form-control-wrap\" data-name=\"dsgvo-consent\"><span class=\"wpcf7-form-control wpcf7-acceptance\"><span class=\"wpcf7-list-item\"><label><input type=\"checkbox\" name=\"dsgvo-consent\" value=\"1\" aria-invalid=\"false\" \/><span class=\"wpcf7-list-item-label\">Ich akzeptiere die <a href=\"https:\/\/eks-solar.de\/eks-update\/datenschutzerklaerung\/\" rel=\"nofollow\">Datenschutzerkl\u00e4rung<\/a>.<\/span><\/label><\/span><\/span><\/span> \n\n<input type=\"submit\" value=\"Nachricht senden\" class=\"wpcf7-form-control has-spinner wpcf7-submit\" \/><div class=\"wpcf7-response-output\" aria-hidden=\"true\"><\/div><\/form><\/div>[\/vc_column][\/vc_row]<\/p>\n<\/div>","protected":false},"excerpt":{"rendered":"<p>[vc_row full_width=&#8220;stretch_row_content_no_spaces&#8220;][vc_column][\/vc_column][\/vc_row][vc_row gap=&#8220;30&#8243; css=&#8220;.vc_custom_1775658499457{margin-top: 3.5em !important;}&#8220;][vc_column width=&#8220;1\/2&#8243;][vc_column_text css=&#8220;.vc_custom_1775657768339{padding-right: 20px !important;}&#8220;] Unterkonstruktionen f\u00fcr die Montage von Solarmodulen Zur Montage der Solarmodule auf D\u00e4chern und Fassaden sowie zur Aufstellung auf ebenerdigen Freifl\u00e4chen verwenden wir nur Systeme namhafter Hersteller solcher Unterkonstruktionen. Ein Beispiel hierf\u00fcr ist K2. Dieses deutsche Unternehmen kann umfangreiche Referenzen f\u00fcr die angebotenen Montagesysteme aufweisen. Diese [&hellip;]<\/p>\n","protected":false},"author":2,"featured_media":290,"parent":0,"menu_order":50,"comment_status":"open","ping_status":"closed","template":"","meta":{"footnotes":""},"class_list":["post-289","page","type-page","status-publish","has-post-thumbnail","hentry"],"_links":{"self":[{"href":"https:\/\/eks-solar.de\/eks-update\/wp-json\/wp\/v2\/pages\/289","targetHints":{"allow":["GET"]}}],"collection":[{"href":"https:\/\/eks-solar.de\/eks-update\/wp-json\/wp\/v2\/pages"}],"about":[{"href":"https:\/\/eks-solar.de\/eks-update\/wp-json\/wp\/v2\/types\/page"}],"author":[{"embeddable":true,"href":"https:\/\/eks-solar.de\/eks-update\/wp-json\/wp\/v2\/users\/2"}],"replies":[{"embeddable":true,"href":"https:\/\/eks-solar.de\/eks-update\/wp-json\/wp\/v2\/comments?post=289"}],"version-history":[{"count":15,"href":"https:\/\/eks-solar.de\/eks-update\/wp-json\/wp\/v2\/pages\/289\/revisions"}],"predecessor-version":[{"id":2261,"href":"https:\/\/eks-solar.de\/eks-update\/wp-json\/wp\/v2\/pages\/289\/revisions\/2261"}],"wp:featuredmedia":[{"embeddable":true,"href":"https:\/\/eks-solar.de\/eks-update\/wp-json\/wp\/v2\/media\/290"}],"wp:attachment":[{"href":"https:\/\/eks-solar.de\/eks-update\/wp-json\/wp\/v2\/media?parent=289"}],"curies":[{"name":"wp","href":"https:\/\/api.w.org\/{rel}","templated":true}]}}