{"id":346,"date":"2018-12-08T12:20:19","date_gmt":"2018-12-08T11:20:19","guid":{"rendered":"http:\/\/neu.eks-solar.de\/cms\/?page_id=346"},"modified":"2026-04-08T18:34:41","modified_gmt":"2026-04-08T16:34:41","slug":"aktuelles","status":"publish","type":"page","link":"https:\/\/eks-solar.de\/eks-update\/unternehmen\/aktuelles\/","title":{"rendered":"Aktuelles"},"content":{"rendered":"<div class=\"wpb-content-wrapper\"><p>[vc_row full_width=&#8220;stretch_row_content_no_spaces&#8220;][vc_column]<div class=\"sc_section sc_section_reverse_no\" style=\"background-color:#f7f7f7;\"><div class=\"sc_section_inner\"><div class=\"sc_section_overlay\" style=\"\"><div class=\"sc_section_content padding_on\" style=\"\"><div class=\"sc_content content_wrap\">[vc_empty_space height=&#8220;3em&#8220;][vc_column_text css=&#8220;&#8220;]<\/p>\n<h2 style=\"text-align: center;\">Aktuelles und News aus der Solarbranche<\/h2>\n<p style=\"text-align: center;\">Aktuelle Infos rund um unser Unternehmen und die Solarbranche.<\/p>\n<p>[\/vc_column_text][vc_empty_space height=&#8220;2em&#8220;][vc_masonry_grid post_type=&#8220;post&#8220; max_items=&#8220;3&#8243; item=&#8220;basicGrid_SlideFromLeft&#8220; grid_id=&#8220;vc_gid:1775652843156-39b66cd6-da45-1&#8243;][vc_empty_space height=&#8220;4em&#8220;]<\/div><\/div><\/div><\/div><\/div>[\/vc_column][\/vc_row][vc_row][vc_column]<div class=\"sc_content content_wrap\" style=\"````margin-bottom:3em !important;\">[vc_empty_space height=&#8220;3em&#8220;]<h2 class=\"sc_title sc_title_regular sc_align_center styling2\" style=\"margin-bottom:0.2em;text-align:center;\">Feste Einspeiseverg\u00fctungen nach EEG<\/h2>[vc_column_text el_class=&#8220;introTxt&#8220;]In der folgenden Tabelle sehen Sie die aktuellen Einspeiseverg\u00fctungen. Ab dem 1.1.2016 gilt auch eine Direktvermarktungspflicht f\u00fcr Anlagen ab 100 kWp.<br \/>\nF\u00fcr diese Anlagen k\u00f6nnen daher keine Angaben gemacht werden.[\/vc_column_text]<\/div>[\/vc_column][\/vc_row][vc_row css=&#8220;.vc_custom_1775643836797{margin-bottom: 60px !important;}&#8220;][vc_column]<div class=\"sc_table tableEVG\" style=\"````margin-right:auto;margin-bottom:3em;margin-left:auto;width:100%;\"><\/p>\n<p style=\"padding-bottom: 20px; text-align: center;\"><span class=\"smallText\">[ Stand: Februar 2026 ]<\/span><\/p>\n<table style=\"border-radius: 8px;\" border=\"0\" summary=\"Einspeise\u00ad\u00ad\u00adverg\u00fctung f\u00fcr\u00a0Photovoltaik-Strom nach EEG\" cellspacing=\"0\" cellpadding=\"5\">\n<tbody>\n<tr>\n<td width=\"30%\">\n<h3 style=\"padding: 0 0 20px 0;\">Anlagen\u00ad\u00ad\u00adtyp<\/h3>\n<\/td>\n<td class=\"borderTabRight\" colspan=\"3\" align=\"center\"><strong style=\"color: black;\">Wohngeb\u00e4ude, L\u00e4rmschutzw\u00e4nde und Geb\u00e4ude<\/strong>\n<strong>(\u00a7 48 Abs. 2 EEG 2023)<\/strong><\/td>\n<\/tr>\n<tr class=\"tableRow01\">\n<td><strong style=\"color: black;\">Anlagen\u00adgr\u00f6\u00dfe:<\/strong><\/td>\n<td align=\"center\"><strong>bis 10 kWp<\/strong><\/td>\n<td align=\"center\"><strong>bis 40 kWp<\/strong><\/td>\n<td align=\"center\"><strong>bis 100 kWp<\/strong><\/td>\n<\/tr>\n<tr class=\"tableRow02\">\n<td><span style=\"color: black;\">Eigen\u00ad\u00adverbrauchs\u00ad\u00ad\u00adanlagen [Ct\/kWh]:<br \/>\n<\/span><\/td>\n<td align=\"center\">7,78<\/td>\n<td align=\"center\">6,73<\/td>\n<td align=\"center\">5,50<\/td>\n<\/tr>\n<tr class=\"tableRow01\">\n<td><span style=\"color: #000000;\">Vollein\u00adspeise\u00ad\u00adanlagen <\/span><span style=\"color: #000000;\">[Ct\/kWh]:<\/span><\/td>\n<td align=\"center\">12,34<\/td>\n<td align=\"center\">10,35<\/td>\n<td align=\"center\">10,35<\/td>\n<\/tr>\n<\/tbody>\n<\/table>\n<p style=\"padding-top: 15px; font-size: 0.9em; text-align: center;\">Hinweis: Alle Angaben bzgl. der voraussichtlichen Einspeiseverg\u00fctungen sind ohne Gew\u00e4hr \u2013 \u00c4nderungen bleiben vorbehalten!<\/p>\n<p><\/div>[\/vc_column][\/vc_row]<\/p>\n<\/div>","protected":false},"excerpt":{"rendered":"<p>[vc_row full_width=&#8220;stretch_row_content_no_spaces&#8220;][vc_column][\/vc_column][\/vc_row][vc_row][vc_column][\/vc_column][\/vc_row][vc_row css=&#8220;.vc_custom_1775643836797{margin-bottom: 60px !important;}&#8220;][vc_column][\/vc_column][\/vc_row]<\/p>\n","protected":false},"author":2,"featured_media":0,"parent":13,"menu_order":2,"comment_status":"open","ping_status":"closed","template":"","meta":{"footnotes":""},"class_list":["post-346","page","type-page","status-publish","hentry"],"_links":{"self":[{"href":"https:\/\/eks-solar.de\/eks-update\/wp-json\/wp\/v2\/pages\/346","targetHints":{"allow":["GET"]}}],"collection":[{"href":"https:\/\/eks-solar.de\/eks-update\/wp-json\/wp\/v2\/pages"}],"about":[{"href":"https:\/\/eks-solar.de\/eks-update\/wp-json\/wp\/v2\/types\/page"}],"author":[{"embeddable":true,"href":"https:\/\/eks-solar.de\/eks-update\/wp-json\/wp\/v2\/users\/2"}],"replies":[{"embeddable":true,"href":"https:\/\/eks-solar.de\/eks-update\/wp-json\/wp\/v2\/comments?post=346"}],"version-history":[{"count":99,"href":"https:\/\/eks-solar.de\/eks-update\/wp-json\/wp\/v2\/pages\/346\/revisions"}],"predecessor-version":[{"id":2318,"href":"https:\/\/eks-solar.de\/eks-update\/wp-json\/wp\/v2\/pages\/346\/revisions\/2318"}],"up":[{"embeddable":true,"href":"https:\/\/eks-solar.de\/eks-update\/wp-json\/wp\/v2\/pages\/13"}],"wp:attachment":[{"href":"https:\/\/eks-solar.de\/eks-update\/wp-json\/wp\/v2\/media?parent=346"}],"curies":[{"name":"wp","href":"https:\/\/api.w.org\/{rel}","templated":true}]}}