{"id":378,"date":"2018-12-08T16:14:15","date_gmt":"2018-12-08T15:14:15","guid":{"rendered":"http:\/\/neu.eks-solar.de\/cms\/?page_id=378"},"modified":"2026-04-09T10:53:31","modified_gmt":"2026-04-09T08:53:31","slug":"beispielanlage","status":"publish","type":"page","link":"https:\/\/eks-solar.de\/eks-update\/unternehmen\/beispielanlage\/","title":{"rendered":"Beispielanlage"},"content":{"rendered":"<div class=\"wpb-content-wrapper\"><p>[vc_row full_width=&#8220;stretch_row_content_no_spaces&#8220;][vc_column]<div class=\"sc_parallax sc_parallax_reverse_no\" style=\"color:#ffffff;background-color:#1069B9;\" data-parallax-speed=\"0.3\" data-parallax-x-pos=\"50%\" data-parallax-y-pos=\"50%\"><div class=\"sc_parallax_content\" style=\"background-image:url(https:\/\/eks-solar.de\/eks-update\/wp-content\/uploads\/2025\/08\/BG-Page-Title-PV-Module.jpg); background-position:50% 50%;\"><div class=\"sc_content content_wrap\">[vc_column_text]<\/p>\n<h1 class=\"pageTitle\">Beispielanlage<\/h1>\n<p>[\/vc_column_text]<\/div><\/div><\/div>[\/vc_column][\/vc_row][vc_row gap=&#8220;30&#8243; css=&#8220;.vc_custom_1775720630652{margin-top: 3.5em !important;}&#8220;][vc_column width=&#8220;1\/2&#8243;][vc_column_text css=&#8220;&#8220;]<\/p>\n<h2 class=\"bigCap\">Anlage mit Speichersystem f\u00fcr privaten und gewerblichen Eigenverbrauch<\/h2>\n<p>[\/vc_column_text][vc_empty_space height=&#8220;20px&#8220;][vc_column_text css=&#8220;.vc_custom_1775724733374{padding-right: 20px !important;}&#8220;]Pressever\u00f6ffentlichung Krannich-Solar, 22.07.2013.<\/p>\n<h3 class=\"smallCap\"><strong>Produzieren, speichern, verbrauchen zur gleichen Zeit\u2026<\/strong><\/h3>\n<p>Mehr Energieautonomie f\u00fcr das Gewerbe und f\u00fcr Privat \u2013 Wie das geht, zeigt Harald Schmieg, Gesch\u00e4ftsf\u00fchrer der EKS Solartechnik GmbH in Gerichtstetten, am eigenen Beispiel. Von den St\u00e4llen und Scheunen seines Landwirtschaftsbetriebes bis \u00fcber das Gesch\u00e4fts- und Wohngeb\u00e4ude sind alle D\u00e4cher auf Harald Schmiegs Grund und Boden mit Photovoltaikmodulen bedeckt.<\/p>\n<h3 class=\"smallCap\">Eigenverbrauchsoptimiert<\/h3>\n<p>W\u00e4hrend der erzeugte und noch attraktiv verg\u00fctete Strom der Photovoltaikanlage des Bauernhofs voll ins Netz eingespeist wird, geht ein gro\u00dfer Teil des Solarstromes des PV-Speichersystems von Gewerbegeb\u00e4ude und Wohnhaus direkt in die Verbraucher beider Geb\u00e4ude. Die Eigenverbrauchsl\u00f6sung Krannich Trinity holt dabei ein Maximum an Selbstversorgung raus: Ist der aktuelle Strombedarf geringer als der Strom, den die 80 Axitec-Module seines Systems erzeugen, wird der \u00dcberschuss in acht Hoppecke Batterien gespeichert und kann dann in den Abendstunden abgerufen werden. Erst bei voller Auslastung der Batterien wird der Solarstrom ins \u00f6ffentliche Netz eingespeist. Der Sunny Home Manager von SMA erledigt diesen Multitasking-Job. Er sorgt daf\u00fcr, dass der Strom immer die richtigen Wege geht, die flexibel einsetzbaren Verbraucher wie Waschmaschine, Sp\u00fclmaschine und W\u00e4schetrockner nach M\u00f6glichkeit zu Sonnenstunden in Betrieb genommen werden. Erst bei voller Ausreizung von Verbraucher und Speicher schickt er den Solarstrom ins \u00f6ffentliche Stromnetz.<\/p>\n<h3 class=\"smallCap\">Zu 70 % unabh\u00e4ngig vom steigenden Strompreis<\/h3>\n<p>&#8222;Wir rechnen mit einem Autonomiegrad von 70 Prozent&#8220;, so Harald Schmieg zufrieden. &#8222;Das bedeutet, dass wir von unserem j\u00e4hrlichen Strombedarf von durchschnittlich 12.000 Kilowattstunden \u00fcber 8.000 Kilowattstunden selbst erzeugen werden. Ein gutes Gef\u00fchl, wenn man an die st\u00e4ndig steigenden Strompreise denkt. Und der selbst erzeugte Strom ist mittelfristig deutlich billiger als der Strom vom Energieversorger, alle PV-Komponenten inklusive Speicher mit eingerechnet.&#8220;<\/p>\n<p>Der Ertrag der neuen PV-Speicheranlage wird voraussichtlich bei 16.000 Kilowattstunden pro Jahr liegen. Das bedeutet, \u00fcber die H\u00e4lfte davon werden die Schmiegs gewerblich und privat selbst verbrauchen. Der private Anteil der f\u00fcnfk\u00f6pfigen Familie wird den Gro\u00dfteil des Eigenverbrauchs ausmachen und nahezu f\u00fcr private Vollversorgung ausreichen.<\/p>\n<h3 class=\"smallCap\">Rendite, Energieautonomie und Praxisbeispiel f\u00fcr den eigenen Betrieb<\/h3>\n<p>&#8222;Mit der Krannich Trinity Eigenverbrauchsl\u00f6sung habe ich gleich drei Fliegen mit einer Klappe geschlagen&#8220;, berichtet Harald Schmieg. &#8222;Die drei Argumente Rendite, Energieautonomie und Praxisbeispiel f\u00fcr meinen PV-Installationsbetrieb fielen bei der Entscheidung f\u00fcr dieses System gleicherma\u00dfen ins Gewicht.&#8220; Wer sich \u00fcber die Anschaffung eines Krannich Trinity Speichersystems Gedanken macht, kann das System bei EKS Solartechnik GmbH im praktischen Einsatz besichtigen. Harald Schmieg bietet seinen Kunden und Interessenten neben der kostenlosen Beratung an, sich am Beispiel seiner eigenen PV-Speicheranlage von Leistung, Qualit\u00e4t und erreichtem Autonomiegrad zu \u00fcberzeugen. Alle Daten sind jederzeit \u00fcber einen beliebig gew\u00e4hlten Zeitraum abrufbar, auch von unterwegs.<\/p>\n<h3 class=\"smallCap\">Ein guter Dienst f\u00fcr die private und globale Energiewende<\/h3>\n<p>&#8222;Ein Photovoltaiksystem f\u00fcr den Eigenverbrauch senkt nicht nur den pers\u00f6nlichen Strompreis, sondern liefert noch weitere Vorteile. Je mehr Strom dezentral erzeugt und selbst verbraucht wird, umso weniger \u00fcberlastet sind die Netze. Gleichzeitig dr\u00fcckt Solarstrom den Strompreis und zu guter Letzt wird der weltweite CO2 Aussto\u00df, der im Wesentlichen f\u00fcr den Klimawandel verantwortlich ist, reduziert. Nur so kann die globale Energiewende gelingen. Unsere private Energiewende haben wir auf alle F\u00e4lle schon erreicht!&#8220;<\/p>\n<p>Gl\u00fcckwunsch, Familie Schmieg!<\/p>\n<p>[ Quelle: <a class=\"TextLink\" title=\"zur Pressemeldung auf Krannich-Solar.com\" href=\"http:\/\/de.krannich-solar.com\/unternehmen\/news-und-presse\/artikel\/article\/krannich-trinity-mit-sma-komponenten.html\" target=\"_blank\" rel=\"noopener\">&gt;&gt; Krannich-Solar.com<\/a> ][\/vc_column_text][vc_empty_space height=&#8220;2em&#8220;][\/vc_column][vc_column width=&#8220;1\/2&#8243; el_class=&#8220;rightInfoCol&#8220;][vc_empty_space height=&#8220;80px&#8220;][vc_gallery type=&#8220;image_grid&#8220; source=&#8220;external_link&#8220; external_img_size=&#8220;240&#215;160&#8243; css=&#8220;.vc_custom_1754401423035{margin-right: -20px !important;margin-left: 0px !important;}&#8220; custom_srcs=&#8220;#E-8_aHR0cHMlM0ElMkYlMkZla3Mtc29sYXIuZGUlMkZ3cC1jb250ZW50JTJGdXBsb2FkcyUyRnJlZmVyZW56ZW4lMkZla3MtZ2VzYW10YW5sYWdlLTEuanBnJTJDaHR0cHMlM0ElMkYlMkZla3Mtc29sYXIuZGUlMkZ3cC1jb250ZW50JTJGdXBsb2FkcyUyRnJlZmVyZW56ZW4lMkZla3MtZ2VzYW10YW5sYWdlLTIuanBnJTJDaHR0cHMlM0ElMkYlMkZla3Mtc29sYXIuZGUlMkZ3cC1jb250ZW50JTJGdXBsb2FkcyUyRnJlZmVyZW56ZW4lMkZla3MtZmlybWVuZ2ViLWhpbnRlbi5qcGclMkNodHRwcyUzQSUyRiUyRmVrcy1zb2xhci5kZSUyRndwLWNvbnRlbnQlMkZ1cGxvYWRzJTJGcmVmZXJlbnplbiUyRmVrcy1maXJtZW5nZWItdm9ybmUuanBn&#8220;][vc_column_text css=&#8220;.vc_custom_1544283186626{padding-bottom: 40px !important;}&#8220;]<span class=\"smallText\">Bilder unserer Photovoltaikanlage im Hohenst\u00e4dter Grund<\/span>[\/vc_column_text][vc_column_text]<img decoding=\"async\" src=\"https:\/\/eks-solar.de\/eks-update\/wp-content\/uploads\/2018\/12\/eks-strommanager-batteriespeicher.jpg\" alt=\"\" width=\"480\" \/><br \/>\n<span class=\"smallText\">Unser Strommanager mit Batteriespeicher<\/span>[\/vc_column_text][vc_column_text css=&#8220;.vc_custom_1544282389341{padding-top: 2em !important;padding-bottom: 3em !important;}&#8220;]Kontaktieren Sie uns gerne, wenn Sie mehr \u00fcber unsere Beispielanlage erfahren wollen&#8230;[\/vc_column_text]<div role=\"form\" class=\"wpcf7\" id=\"wpcf7-f271-o1\" lang=\"de-DE\" dir=\"ltr\">\n<div class=\"screen-reader-response\"><p role=\"status\" aria-live=\"polite\" aria-atomic=\"true\"><\/p> <ul><\/ul><\/div>\n<form action=\"\/eks-update\/wp-json\/wp\/v2\/pages\/378#wpcf7-f271-o1\" method=\"post\" class=\"wpcf7-form init\" novalidate=\"novalidate\" data-status=\"init\">\n<div style=\"display: none;\">\n<input type=\"hidden\" name=\"_wpcf7\" value=\"271\" \/>\n<input type=\"hidden\" name=\"_wpcf7_version\" value=\"5.6.4\" \/>\n<input type=\"hidden\" name=\"_wpcf7_locale\" value=\"de_DE\" \/>\n<input type=\"hidden\" name=\"_wpcf7_unit_tag\" value=\"wpcf7-f271-o1\" \/>\n<input type=\"hidden\" name=\"_wpcf7_container_post\" value=\"0\" \/>\n<input type=\"hidden\" name=\"_wpcf7_posted_data_hash\" value=\"\" \/>\n<\/div>\n<span class=\"wpcf7-form-control-wrap\" data-name=\"your-name\"><input type=\"text\" name=\"your-name\" value=\"\" size=\"40\" class=\"wpcf7-form-control wpcf7-text wpcf7-validates-as-required\" aria-required=\"true\" aria-invalid=\"false\" placeholder=\"Ihr Name*\" \/><\/span>\n\n<span class=\"wpcf7-form-control-wrap\" data-name=\"your-email\"><input type=\"email\" name=\"your-email\" value=\"\" size=\"40\" class=\"wpcf7-form-control wpcf7-text wpcf7-email wpcf7-validates-as-required wpcf7-validates-as-email\" aria-required=\"true\" aria-invalid=\"false\" placeholder=\"E-Mail-Adresse*\" \/><\/span>\n\n<span class=\"wpcf7-form-control-wrap\" data-name=\"tel-696\"><input type=\"text\" name=\"tel-696\" value=\"\" size=\"40\" class=\"wpcf7-form-control wpcf7-text\" aria-invalid=\"false\" placeholder=\"Telefon (optional)\" \/><\/span>\n\n<div style=\"height: 10px;\"><!-- Spacer --><\/div>\nIhre Nachricht an uns\n<span class=\"wpcf7-form-control-wrap\" data-name=\"your-message\"><textarea name=\"your-message\" cols=\"40\" rows=\"7\" class=\"wpcf7-form-control wpcf7-textarea\" aria-invalid=\"false\"><\/textarea><\/span>\n\n<span id=\"wpcf7-69e72d5c94cba-wrapper\" class=\"wpcf7-form-control-wrap product-700-wrap\" ><label for=\"wpcf7-69e72d5c94cba-field\" class=\"hp-message\">Bitte lasse dieses Feld leer.<\/label><input id=\"wpcf7-69e72d5c94cba-field\"  class=\"wpcf7-form-control wpcf7-text\" type=\"text\" name=\"product-700\" value=\"\" size=\"40\" tabindex=\"-1\" autocomplete=\"new-password\" \/><\/span>\n\n<span class=\"wpcf7-form-control-wrap\" data-name=\"dsgvo-consent\"><span class=\"wpcf7-form-control wpcf7-acceptance\"><span class=\"wpcf7-list-item\"><label><input type=\"checkbox\" name=\"dsgvo-consent\" value=\"1\" aria-invalid=\"false\" \/><span class=\"wpcf7-list-item-label\">Ich akzeptiere die <a href=\"https:\/\/eks-solar.de\/eks-update\/datenschutzerklaerung\/\" rel=\"nofollow\">Datenschutzerkl\u00e4rung<\/a>.<\/span><\/label><\/span><\/span><\/span> \n\n<input type=\"submit\" value=\"Nachricht senden\" class=\"wpcf7-form-control has-spinner wpcf7-submit\" \/><div class=\"wpcf7-response-output\" aria-hidden=\"true\"><\/div><\/form><\/div>[vc_empty_space height=&#8220;2em&#8220;][\/vc_column][\/vc_row]<\/p>\n<\/div>","protected":false},"excerpt":{"rendered":"<p>[vc_row full_width=&#8220;stretch_row_content_no_spaces&#8220;][vc_column][\/vc_column][\/vc_row][vc_row gap=&#8220;30&#8243; css=&#8220;.vc_custom_1775720630652{margin-top: 3.5em !important;}&#8220;][vc_column width=&#8220;1\/2&#8243;][vc_column_text css=&#8220;&#8220;] Anlage mit Speichersystem f\u00fcr privaten und gewerblichen Eigenverbrauch [\/vc_column_text][vc_empty_space height=&#8220;20px&#8220;][vc_column_text css=&#8220;.vc_custom_1775724733374{padding-right: 20px !important;}&#8220;]Pressever\u00f6ffentlichung Krannich-Solar, 22.07.2013. Produzieren, speichern, verbrauchen zur gleichen Zeit\u2026 Mehr Energieautonomie f\u00fcr das Gewerbe und f\u00fcr Privat \u2013 Wie das geht, zeigt Harald Schmieg, Gesch\u00e4ftsf\u00fchrer der EKS Solartechnik GmbH in Gerichtstetten, am eigenen Beispiel. Von [&hellip;]<\/p>\n","protected":false},"author":2,"featured_media":0,"parent":13,"menu_order":4,"comment_status":"open","ping_status":"closed","template":"","meta":{"footnotes":""},"class_list":["post-378","page","type-page","status-publish","hentry"],"_links":{"self":[{"href":"https:\/\/eks-solar.de\/eks-update\/wp-json\/wp\/v2\/pages\/378","targetHints":{"allow":["GET"]}}],"collection":[{"href":"https:\/\/eks-solar.de\/eks-update\/wp-json\/wp\/v2\/pages"}],"about":[{"href":"https:\/\/eks-solar.de\/eks-update\/wp-json\/wp\/v2\/types\/page"}],"author":[{"embeddable":true,"href":"https:\/\/eks-solar.de\/eks-update\/wp-json\/wp\/v2\/users\/2"}],"replies":[{"embeddable":true,"href":"https:\/\/eks-solar.de\/eks-update\/wp-json\/wp\/v2\/comments?post=378"}],"version-history":[{"count":27,"href":"https:\/\/eks-solar.de\/eks-update\/wp-json\/wp\/v2\/pages\/378\/revisions"}],"predecessor-version":[{"id":2341,"href":"https:\/\/eks-solar.de\/eks-update\/wp-json\/wp\/v2\/pages\/378\/revisions\/2341"}],"up":[{"embeddable":true,"href":"https:\/\/eks-solar.de\/eks-update\/wp-json\/wp\/v2\/pages\/13"}],"wp:attachment":[{"href":"https:\/\/eks-solar.de\/eks-update\/wp-json\/wp\/v2\/media?parent=378"}],"curies":[{"name":"wp","href":"https:\/\/api.w.org\/{rel}","templated":true}]}}