{"id":411,"date":"2018-12-10T11:44:52","date_gmt":"2018-12-10T10:44:52","guid":{"rendered":"http:\/\/neu.eks-solar.de\/cms\/?page_id=411"},"modified":"2026-04-08T18:18:33","modified_gmt":"2026-04-08T16:18:33","slug":"service","status":"publish","type":"page","link":"https:\/\/eks-solar.de\/eks-update\/service\/","title":{"rendered":"Service"},"content":{"rendered":"<div class=\"wpb-content-wrapper\"><p>[vc_row full_width=&#8220;stretch_row_content_no_spaces&#8220;][vc_column]<div class=\"sc_parallax sc_parallax_reverse_no\" style=\"color:#ffffff;background-color:#1069B9;\" data-parallax-speed=\"0.3\" data-parallax-x-pos=\"50%\" data-parallax-y-pos=\"50%\"><div class=\"sc_parallax_content\" style=\"background-image:url(https:\/\/eks-solar.de\/eks-update\/wp-content\/uploads\/2025\/08\/BG-Page-Title-PV-Module.jpg); background-position:50% 50%;\"><div class=\"sc_content content_wrap\">[vc_column_text]<\/p>\n<h1 class=\"pageTitle\">Serviceangebote<\/h1>\n<p>[\/vc_column_text]<\/div><\/div><\/div>[\/vc_column][\/vc_row][vc_row gap=&#8220;30&#8243; css=&#8220;.vc_custom_1775664548607{margin-top: 3.5em !important;margin-bottom: 2em !important;}&#8220;][vc_column width=&#8220;1\/2&#8243;][vc_column_text css=&#8220;.vc_custom_1775665106791{padding-right: 20px !important;}&#8220;]<\/p>\n<h2 class=\"bigCap\">Montage<\/h2>\n<p>In unserer Planung und Projektierung legen wir Wert auf eine ertragsoptimierte PV-Anlage, die unter Ber\u00fccksichtigung der \u00f6rtlichen Gegebenheiten wie Dachaufbau, Bausubstanz und Montagesituation auch eine optimierte Unterkonstruktion zum Ergebnis hat. Die Montage Ihrer Photovoltaikanlage wird von ausgew\u00e4hlten Zimmereien und Dachdeckereien aus\u00a0 unserer Region ausgef\u00fchrt.<\/p>\n<p>Zur Montage der Solarmodule auf D\u00e4chern und Fassaden sowie zur Aufstellung auf ebenerdigen Freifl\u00e4chen verwenden wir nur Systeme namhafter Hersteller solcher Unterkonstruktionen. Ein Beispiel hierf\u00fcr ist K2. Dieses deutsche Unternehmen kann umfangreiche Referenzen f\u00fcr die angebotenen Montagesysteme aufweisen. Diese Systeme haben sich bei dem Bau zahlreicher PV-Anlagen bew\u00e4hrt, sind montagetechnisch durchdacht und alle Komponenten sind statisch nach DIN1055 bzw. DIN18800 ausgelegt.<\/p>\n<p>Nat\u00fcrlich ist jede PV-Anlage anders und um die bestm\u00f6gliche und kosteng\u00fcnstigste Anlage zu bauen, ist eine sorgf\u00e4ltige Planung erforderlich.<\/p>\n<h2 class=\"bigCap\">Wechselrichterservice<\/h2>\n<p>Kontaktieren Sie uns bei <strong>St\u00f6rungen<\/strong> an Ihrem Wechselrichter \u00fcber das Formular \u201e<a href=\"https:\/\/eks-solar.de\/eks-update\/service\/stoerungsmeldung\/\">St\u00f6rungsmeldung Wechselrichter<\/a>\u201c und nennen Sie uns den Typ des Wechselrichters, Serien-Nummer und die Fehlermeldung. Wir k\u00fcmmern uns um die Behebung des Schadens.<\/p>\n<p>Gerne bieten wir Ihnen auch eine <strong>Garantieverl\u00e4ngerung<\/strong> Ihres Wechselrichters um weitere 5 Jahre auf 10 Jahre an. Sprechen Sie uns bitte an, wenn Sie das w\u00fcnschen.<\/p>\n<h2 class=\"bigCap\">Wartung<\/h2>\n<p>Im Laufe der Jahre kann es auch immer wieder auch zu St\u00f6rungen, Besch\u00e4digungen oder Verschmutzungen an Ihrer PV-Anlage kommen. Wir bieten Ihnen deshalb eine \u00dcberpr\u00fcfung Ihrer PV-Anlage an. Damit kann die Nutzungsdauer der PV-Anlage verl\u00e4ngert und einer St\u00f6rung des Anlagenbetriebes vorgebeugt werden. Unsere \u00dcberpr\u00fcfungen beinhalten:<\/p>\n<ul>\n<li>\u00dcberpr\u00fcfung und Sichtkontrolle der Module<\/li>\n<li>Wechselrichterkontrolle und Messung<\/li>\n<li>\u00dcberpr\u00fcfung der Verkabelung und der Messeinrichtungen<\/li>\n<li>Auswertung der Wechselrichter und der Stromertr\u00e4ge<\/li>\n<li>Gesamtbeurteilung der Anlage und Dokumentation in einem Wartungsprotokoll<\/li>\n<\/ul>\n<p>Gerne bieten wir Ihnen auch einen j\u00e4hrlichen Wartungsvertrag an. Sprechen Sie uns bei Bedarf an!<\/p>\n<h2 class=\"bigCap\">Reinigung<\/h2>\n<p>Wenn eine Photovoltaikanlage verschmutzt ist, kann auch weniger Strom erzeugt werden. Denn je mehr Bl\u00fctenstaub, Staub oder gr\u00f6\u00dfere Verunreinigungen wie Moose, Algen, Vogelkot, Blattlaub oder Verschmutzungen durch Stra\u00dfen, Bahn- und Industrieanlagen sich auf Ihren Solarmodulen befinden, desto weniger Sonnenlicht gelangt in die Solarzelle und es wird weniger Strom erzeugt. Wind und Regenwasser oder Schnee gen\u00fcgen nicht allein, um solche Verschmutzungen abzusp\u00fclen. Die Leistungsf\u00e4higkeit Ihrer Photovoltaikanlage nimmt ab und Sie haben weniger Ertrag. Deshalb empfehlen wir Ihnen die professionelle Reinigung Ihrer Photovoltaikanlage.<\/p>\n<h2 class=\"bigCap\">Dachsanierung<\/h2>\n<p>Gerne bieten wir Ihnen \u00fcber unseren Partner eine komplette Dachsanierung mit an. Bei Bedarf sprechen Sie uns bitte an![\/vc_column_text][vc_empty_space height=&#8220;2em&#8220;][\/vc_column][vc_column width=&#8220;1\/2&#8243; el_class=&#8220;rightInfoCol&#8220;][vc_column_text]<\/p>\n<h3 class=\"titleMargB20\">Mehr Infos<\/h3>\n<p>Wenn Sie mehr Infos rund um unsere Serviceangebote oder ein konkretes Angebot w\u00fcnschen, schreiben Sie uns gerne&#8230;[\/vc_column_text][vc_empty_space height=&#8220;2em&#8220;]<div role=\"form\" class=\"wpcf7\" id=\"wpcf7-f7-o1\" lang=\"de-DE\" dir=\"ltr\">\n<div class=\"screen-reader-response\"><p role=\"status\" aria-live=\"polite\" aria-atomic=\"true\"><\/p> <ul><\/ul><\/div>\n<form action=\"\/eks-update\/wp-json\/wp\/v2\/pages\/411#wpcf7-f7-o1\" method=\"post\" class=\"wpcf7-form init\" novalidate=\"novalidate\" data-status=\"init\">\n<div style=\"display: none;\">\n<input type=\"hidden\" name=\"_wpcf7\" value=\"7\" \/>\n<input type=\"hidden\" name=\"_wpcf7_version\" value=\"5.6.4\" \/>\n<input type=\"hidden\" name=\"_wpcf7_locale\" value=\"de_DE\" \/>\n<input type=\"hidden\" name=\"_wpcf7_unit_tag\" value=\"wpcf7-f7-o1\" \/>\n<input type=\"hidden\" name=\"_wpcf7_container_post\" value=\"0\" \/>\n<input type=\"hidden\" name=\"_wpcf7_posted_data_hash\" value=\"\" \/>\n<\/div>\n<span class=\"wpcf7-form-control-wrap\" data-name=\"your-name\"><input type=\"text\" name=\"your-name\" value=\"\" size=\"40\" class=\"wpcf7-form-control wpcf7-text wpcf7-validates-as-required\" aria-required=\"true\" aria-invalid=\"false\" placeholder=\"Ihr Name*\" \/><\/span>\n\n<span class=\"wpcf7-form-control-wrap\" data-name=\"your-email\"><input type=\"email\" name=\"your-email\" value=\"\" size=\"40\" class=\"wpcf7-form-control wpcf7-text wpcf7-email wpcf7-validates-as-required wpcf7-validates-as-email\" aria-required=\"true\" aria-invalid=\"false\" placeholder=\"E-Mail-Adresse*\" \/><\/span>\n\n<span class=\"wpcf7-form-control-wrap\" data-name=\"tel-696\"><input type=\"text\" name=\"tel-696\" value=\"\" size=\"40\" class=\"wpcf7-form-control wpcf7-text\" aria-invalid=\"false\" placeholder=\"Telefon (optional)\" \/><\/span>\n\n<div style=\"height: 10px;\"><!-- Spacer --><\/div>\n\n<label> Betreffend\n    <span class=\"wpcf7-form-control-wrap\" data-name=\"your-subject\"><input type=\"text\" name=\"your-subject\" value=\"\" size=\"40\" class=\"wpcf7-form-control wpcf7-text\" aria-invalid=\"false\" \/><\/span> <\/label>\n\n<div style=\"height: 10px;\"><!-- Spacer --><\/div>\n\n<label> Ihre Nachricht an uns\n    <span class=\"wpcf7-form-control-wrap\" data-name=\"your-message\"><textarea name=\"your-message\" cols=\"40\" rows=\"7\" class=\"wpcf7-form-control wpcf7-textarea\" aria-invalid=\"false\"><\/textarea><\/span> <\/label>\n\n<span id=\"wpcf7-69e72d89d5ab3-wrapper\" class=\"wpcf7-form-control-wrap general-123-wrap\" ><label for=\"wpcf7-69e72d89d5ab3-field\" class=\"hp-message\">Bitte lasse dieses Feld leer.<\/label><input id=\"wpcf7-69e72d89d5ab3-field\"  class=\"wpcf7-form-control wpcf7-text\" type=\"text\" name=\"general-123\" value=\"\" size=\"40\" tabindex=\"-1\" autocomplete=\"new-password\" \/><\/span>\n\n<p>Anti-Spam Frage:\n<span class=\"wpcf7-form-control-wrap\" data-name=\"quiz-172\"><label><span class=\"wpcf7-quiz-label\">Wie lautet der 1. Buchstabe von Solar?<\/span> <input type=\"text\" name=\"quiz-172\" size=\"40\" class=\"wpcf7-form-control wpcf7-quiz\" autocomplete=\"off\" aria-required=\"true\" aria-invalid=\"false\" \/><\/label><input type=\"hidden\" name=\"_wpcf7_quiz_answer_quiz-172\" value=\"89a51585d946ec4e6406c295b8c87ac0\" \/><\/span> <\/p>\n\n<span class=\"wpcf7-form-control-wrap\" data-name=\"dsgvo-consent\"><span class=\"wpcf7-form-control wpcf7-acceptance\"><span class=\"wpcf7-list-item\"><label><input type=\"checkbox\" name=\"dsgvo-consent\" value=\"1\" aria-invalid=\"false\" \/><span class=\"wpcf7-list-item-label\">Ich akzeptiere die <a href=\"https:\/\/eks-solar.de\/eks-update\/datenschutzerklaerung\/\" rel=\"nofollow\">Datenschutzerkl\u00e4rung<\/a>.<\/span><\/label><\/span><\/span><\/span> \n\n<input type=\"submit\" value=\"Nachricht senden\" class=\"wpcf7-form-control has-spinner wpcf7-submit\" \/><div class=\"wpcf7-response-output\" aria-hidden=\"true\"><\/div><\/form><\/div>[\/vc_column][\/vc_row]<\/p>\n<\/div>","protected":false},"excerpt":{"rendered":"<p>[vc_row full_width=&#8220;stretch_row_content_no_spaces&#8220;][vc_column][\/vc_column][\/vc_row][vc_row gap=&#8220;30&#8243; css=&#8220;.vc_custom_1775664548607{margin-top: 3.5em !important;margin-bottom: 2em !important;}&#8220;][vc_column width=&#8220;1\/2&#8243;][vc_column_text css=&#8220;.vc_custom_1775665106791{padding-right: 20px !important;}&#8220;] Montage In unserer Planung und Projektierung legen wir Wert auf eine ertragsoptimierte PV-Anlage, die unter Ber\u00fccksichtigung der \u00f6rtlichen Gegebenheiten wie Dachaufbau, Bausubstanz und Montagesituation auch eine optimierte Unterkonstruktion zum Ergebnis hat. Die Montage Ihrer Photovoltaikanlage wird von ausgew\u00e4hlten Zimmereien und Dachdeckereien aus\u00a0 unserer [&hellip;]<\/p>\n","protected":false},"author":2,"featured_media":0,"parent":0,"menu_order":60,"comment_status":"open","ping_status":"closed","template":"","meta":{"footnotes":""},"class_list":["post-411","page","type-page","status-publish","hentry"],"_links":{"self":[{"href":"https:\/\/eks-solar.de\/eks-update\/wp-json\/wp\/v2\/pages\/411","targetHints":{"allow":["GET"]}}],"collection":[{"href":"https:\/\/eks-solar.de\/eks-update\/wp-json\/wp\/v2\/pages"}],"about":[{"href":"https:\/\/eks-solar.de\/eks-update\/wp-json\/wp\/v2\/types\/page"}],"author":[{"embeddable":true,"href":"https:\/\/eks-solar.de\/eks-update\/wp-json\/wp\/v2\/users\/2"}],"replies":[{"embeddable":true,"href":"https:\/\/eks-solar.de\/eks-update\/wp-json\/wp\/v2\/comments?post=411"}],"version-history":[{"count":20,"href":"https:\/\/eks-solar.de\/eks-update\/wp-json\/wp\/v2\/pages\/411\/revisions"}],"predecessor-version":[{"id":2305,"href":"https:\/\/eks-solar.de\/eks-update\/wp-json\/wp\/v2\/pages\/411\/revisions\/2305"}],"wp:attachment":[{"href":"https:\/\/eks-solar.de\/eks-update\/wp-json\/wp\/v2\/media?parent=411"}],"curies":[{"name":"wp","href":"https:\/\/api.w.org\/{rel}","templated":true}]}}